{"id":956,"date":"2023-04-13T15:39:04","date_gmt":"2023-04-13T19:39:04","guid":{"rendered":"https:\/\/cbhcc-cchcc.ca\/?page_id=956"},"modified":"2026-02-16T17:27:33","modified_gmt":"2026-02-16T22:27:33","slug":"a-propos-du-cchcc","status":"publish","type":"page","link":"https:\/\/cbhcc-cchcc.ca\/fr\/a-propos-du-cchcc\/","title":{"rendered":"\u00c0 propos du CCHCC"},"content":{"rendered":"<h2>Comit\u00e9 canadien de l&rsquo;harmonisation des codes de construction<\/h2>\n<p>Le Comit\u00e9 canadien de l&rsquo;harmonisation des codes de construction (CCHCC) est responsable de l&rsquo;\u00e9laboration des codes mod\u00e8les nationaux du Canada, qui renferment des objectifs visant la sant\u00e9, la s\u00e9curit\u00e9, l&rsquo;accessibilit\u00e9, la protection des b\u00e2timents contre l&rsquo;incendie et les dommages structuraux et la protection de l&rsquo;environnement.<\/p>\n<p>Les codes mod\u00e8les nationaux sont les suivants :<\/p>\n<ul>\n<li>le Code national du b\u00e2timent \u2013 Canada (CNB);<\/li>\n<li>le Code national de la plomberie \u2013 Canada (CNP);<\/li>\n<li>le Code national de pr\u00e9vention des incendies \u2013 Canada (CNPI);<\/li>\n<li>le Code national de l&rsquo;\u00e9nergie pour les b\u00e2timents \u2013 Canada (CN\u00c9B);<\/li>\n<li>le Code national de construction des b\u00e2timents agricoles \u2013 Canada (CNCBA), dont la derni\u00e8re publication remonte \u00e0 1995.<\/li>\n<\/ul>\n<p>Le CNB \u00e9tablit des exigences minimales concernant la s\u00e9curit\u00e9, la sant\u00e9, l&rsquo;accessibilit\u00e9, l&rsquo;efficacit\u00e9 \u00e9nerg\u00e9tique et la protection des b\u00e2timents. Le CNP renferme des dispositions qui traitent de l&rsquo;installation s\u00e9curitaire des r\u00e9seaux d&rsquo;alimentation en eau potable, de l&rsquo;\u00e9vacuation des eaux us\u00e9es dans les \u00e9gouts municipaux ou les installations individuelles d&rsquo;assainissement ainsi que de l&rsquo;utilisation efficiente de l&rsquo;eau. Le CNPI traite de la s\u00e9curit\u00e9 incendie lors de l&rsquo;exploitation des b\u00e2timents et des installations, tandis que le CN\u00c9B \u00e9tablit des exigences acceptables relatives \u00e0 la consommation d&rsquo;\u00e9nergie des grands b\u00e2timents. Le CNCBA s&rsquo;applique aux b\u00e2timents agricoles \u00e0 faible occupation humaine; il contient des exigences minimales sur des sujets touchant la sant\u00e9 humaine, la s\u00e9curit\u00e9 incendie et la r\u00e9sistance structurale. Les codes mod\u00e8les sont de nature technique et supposent que les utilisateurs connaissent bien le sujet.<\/p>\n<p>Les codes mod\u00e8les nationaux n&rsquo;ont pas force de loi tant qu&rsquo;ils n&rsquo;ont pas \u00e9t\u00e9 adopt\u00e9s par une autorit\u00e9 gouvernementale comp\u00e9tente (par exemple, un gouvernement provincial ou territorial).<\/p>\n<p>Le CCHCC est compos\u00e9 de repr\u00e9sentants de minist\u00e8res des gouvernements provinciaux, territoriaux et f\u00e9d\u00e9ral.<\/p>\n<p>La composition actuelle du CCHCC est la suivante :<\/p>\n<table style=\"table-layout: auto;\">\n<tbody>\n<tr>\n<th>Membres du CCHCC<\/th>\n<th style=\"width: 30%;\">Poste au sein du CCHCC<\/th>\n<\/tr>\n<tr>\n<td>Mansoor Mahmood, directeur, Direction du b\u00e2timent et de l&rsquo;am\u00e9nagement, minist\u00e8re des Affaires municipales et du Logement, Ontario*, repr\u00e9sentant provincial<\/td>\n<td>Membre et copr\u00e9sident<\/td>\n<\/tr>\n<tr>\n<td>Thomas Ferguson, directeur g\u00e9n\u00e9ral, Centre de recherche en construction, Conseil national de recherches du Canada (CNRC), repr\u00e9sentant f\u00e9d\u00e9ral<\/td>\n<td>Membre et copr\u00e9sident<\/td>\n<\/tr>\n<tr>\n<td>Zachary May, directeur administratif, Direction des Normes de construction et de s\u00e9curit\u00e9, minist\u00e8re du Logement, Colombie-Britannique<\/td>\n<td>Membre<\/td>\n<\/tr>\n<tr>\n<td>Steve Murphy, directeur administratif, Soutien communautaire et technique, minist\u00e8re des Affaires municipales, Alberta<\/td>\n<td>Membre<\/td>\n<\/tr>\n<tr>\n<td>Peter Wotherspoon, administrateur en chef des codes, Normes techniques et de construction, minist\u00e8re des Relations gouvernementales, Saskatchewan<\/td>\n<td>Membre<\/td>\n<\/tr>\n<tr>\n<td>Joe Kasprick, gestionnaire de programme \u2013 codes du b\u00e2timent, Inspection et services techniques, Travail et immigration, Manitoba<\/td>\n<td>Membre<\/td>\n<\/tr>\n<tr>\n<td>Mary Prencipe, sous-commissaire adjointe des incendies, Bureau du commissaire des incendies et de la gestion des urgences, minist\u00e8re du Solliciteur g\u00e9n\u00e9ral, Ontario*<\/td>\n<td>Membre<\/td>\n<\/tr>\n<tr>\n<td>Silvia Garcia, vice-pr\u00e9sidente, R\u00e9glementation et innovation, R\u00e9gie du b\u00e2timent du Qu\u00e9bec, Qu\u00e9bec<\/td>\n<td>Membre<\/td>\n<\/tr>\n<tr>\n<td>Trevor Murray, administrateur des codes de construction, Services d&rsquo;inspection technique, Justice et S\u00e9curit\u00e9 publique, Nouveau-Brunswick<\/td>\n<td>Membre<\/td>\n<\/tr>\n<tr>\n<td>Glenda MacKinnon-Peters, directrice, Services techniques et normes, minist\u00e8re du Logement, des Terres et des Communaut\u00e9s, \u00cele-du-Prince-\u00c9douard<\/td>\n<td>Membre<\/td>\n<\/tr>\n<tr>\n<td>Lorelei Atkinson, coordonnatrice du code de pr\u00e9vention des incendies et v\u00e9rificatrice de plans, S\u00e9curit\u00e9 des b\u00e2timents et s\u00e9curit\u00e9 incendie, Bureau du commissaire des incendies, minist\u00e8re des Affaires municipales, Nouvelle-\u00c9cosse<\/td>\n<td>Membre<\/td>\n<\/tr>\n<tr>\n<td>Thomas Jardine, ing\u00e9nieur en approbation de conception, Service T.-N.-L., Terre-Neuve-et-Labrador<\/td>\n<td>Membre<\/td>\n<\/tr>\n<tr>\n<td>Hector Lang, directeur par int\u00e9rim, Direction de la S\u00e9curit\u00e9 des b\u00e2timents et normes de construction, minist\u00e8re des Services communautaires, Yukon<\/td>\n<td>Membre<\/td>\n<\/tr>\n<tr>\n<td>Craig Halifax, commissaire aux incendies, minist\u00e8re des Affaires municipales et communautaires, Territoires du Nord-Ouest<\/td>\n<td>Membre<\/td>\n<\/tr>\n<tr>\n<td>Michel Leduc, directeur, Services communautaires et gouvernementaux, Service de la s\u00e9curit\u00e9, Nunavut<\/td>\n<td>Membre<\/td>\n<\/tr>\n<\/tbody>\n<\/table>\n<p class=\"tbl-about\"><sup>*<\/sup>L&rsquo;Ontario occupe deux si\u00e8ges au sein du CCHCC (un pour la s\u00e9curit\u00e9 et l&rsquo;autre pour le b\u00e2timent), mais n&rsquo;a qu&rsquo;un seul droit de vote.<\/p>\n<p>Le CCHCC a \u00e9t\u00e9 cr\u00e9\u00e9 en novembre 2022 en remplacement de la Commission canadienne des codes du b\u00e2timent et de pr\u00e9vention des incendies, \u00e0 qui la responsabilit\u00e9 de l&rsquo;\u00e9laboration et de la mise \u00e0 jour des codes mod\u00e8les nationaux du Canada incombait depuis 1991. Ce changement de gouvernance a constitu\u00e9 une \u00e9tape importante pour l&rsquo;harmonisation des codes de construction au Canada, laquelle aidera \u00e0 \u00e9liminer les obstacles \u00e0 la libre circulation des produits, des services et des investissements au Canada. Des d\u00e9tails suppl\u00e9mentaires au sujet de la transition sont disponibles <a href=\"https:\/\/www.newswire.ca\/fr\/news-releases\/creation-d-un-nouveau-comite-federal-provincial-territorial-visant-a-harmoniser-les-codes-de-construction-a-l-echelle-du-canada-809298688.html\">ici<\/a>.<\/p>\n<h2>Gouvernance et structure<\/h2>\n<p>Le CCHCC approuve le contenu des codes mod\u00e8les nationaux en \u0153uvrant au sein d&rsquo;un ensemble structur\u00e9 de groupes qui exercent une supervision, fournissent des conseils et \u00e9laborent des modifications propos\u00e9es.<\/p>\n<p><img decoding=\"async\" class=\"aligncenter wp-image-4485 size-large\" src=\"https:\/\/dev-cbhcc-cchcc.ca\/wp-content\/uploads\/2023\/08\/CBHCC-Graph-2023-August-FR-1024x622.jpg\" alt=\"Gouvernance et structure\" width=\"1024\" height=\"622\" srcset=\"https:\/\/cbhcc-cchcc.ca\/wp-content\/uploads\/2023\/08\/CBHCC-Graph-2023-August-FR-1024x622.jpg 1024w, https:\/\/cbhcc-cchcc.ca\/wp-content\/uploads\/2023\/08\/CBHCC-Graph-2023-August-FR-300x182.jpg 300w, https:\/\/cbhcc-cchcc.ca\/wp-content\/uploads\/2023\/08\/CBHCC-Graph-2023-August-FR-768x467.jpg 768w, https:\/\/cbhcc-cchcc.ca\/wp-content\/uploads\/2023\/08\/CBHCC-Graph-2023-August-FR-1536x933.jpg 1536w, https:\/\/cbhcc-cchcc.ca\/wp-content\/uploads\/2023\/08\/CBHCC-Graph-2023-August-FR-2048x1244.jpg 2048w\" sizes=\"(max-width: 1024px) 100vw, 1024px\" \/><br \/>\n<style id=\"ea_dynamic_css3064\">#sp-ea-3064 .spcollapsing{height: 0; overflow: hidden; transition-property: height; transition-duration: 500ms;}#sp-ea-3064.sp-easy-accordion>.sp-ea-single.eap_inactive>.ea-header a {background-color: #bb0000 !important; color: #fff !important;}#sp-ea-3064.sp-easy-accordion>.sp-ea-single{ margin-bottom: 10px; border: 1px solid #e2e2e2; border-radius: 3px;}#sp-ea-3064.sp-easy-accordion>.sp-ea-single.ea-expand{ border-color: #e2e2e2;}#sp-ea-3064.sp-easy-accordion>.sp-ea-single:hover{ border-color: #e2e2e2;}#sp-ea-3064.sp-easy-accordion>.sp-ea-single>.ea-header a {background: #ffffff;}#sp-ea-3064.sp-easy-accordion>.sp-ea-single.ea-expand>.ea-header a {background: #ffffff;}#sp-ea-3064.sp-easy-accordion>.sp-ea-single>.ea-header:hover a {background: #ffffff;}#sp-ea-3064.sp-easy-accordion>.sp-ea-single>.ea-header a .eap-title-icon { color: #172f4c;font-size: 20px;} #sp-ea-3064.sp-easy-accordion>.sp-ea-single>.ea-header a .eap-title-custom-icon {max-width: 20px;}#sp-ea-3064.sp-easy-accordion>.sp-ea-single>.ea-header:hover a .eap-title-icon {color: #172f4c;}#sp-ea-3064.sp-easy-accordion>.sp-ea-single.ea-expand>.ea-header a .eap-title-icon {color: #172f4c;}#sp-ea-3064.sp-easy-accordion>.sp-ea-single>.ea-header a {padding: 15px 15px 15px 15px; color: #172f4c; font-size: 20px; line-height: 30px; text-align: left; letter-spacing: 0px; text-transform: none;}#sp-ea-3064.sp-easy-accordion>.sp-ea-single>.ea-header:hover a {color: #172f4c;}#sp-ea-3064.sp-easy-accordion>.sp-ea-single.ea-expand>.ea-header a {color: #172f4c;}#sp-ea-3064.sp-easy-accordion>.sp-ea-single>.sp-collapse>.ea-body p,#sp-ea-3064.sp-easy-accordion>.sp-ea-single>.sp-collapse>.ea-body{background: #fff; padding: 15px 15px 15px 15px; border-radius: 0 0 3px 3px; color: #172f4c; font-size: 16px; text-align: left; letter-spacing: 0px; line-height: 26px; animation-delay: 200ms; text-transform: none;}#sp-ea-3064.sp-easy-accordion>.sp-ea-single>.ea-header a .ea-expand-icon.fa:before {color: #172f4c; font-size: 16px; font-style: normal;}#sp-ea-3064.sp-easy-accordion>.sp-ea-single>.ea-header:hover a .ea-expand-icon.fa:before {color: #172f4c;}#sp-ea-3064.sp-easy-accordion>.sp-ea-single.ea-expand>.ea-header a .ea-expand-icon.fa:before {color: #172f4c;}#sp-ea-3064.sp-easy-accordion>.sp-ea-single{border-radius: 3px; border: 1px solid #e2e2e2;}#sp-ea-3064.sp-easy-accordion>.sp-ea-single>.sp-collapse>.ea-body{border-radius: 0 0 3px 3px; border: none;}#sp-ea-3064.sp-easy-accordion>.sp-ea-single>.ea-header a .ea-expand-icon.fa {float: left; margin-right: 10px;}#sp-ea-3064 #eap_faq_search_bar_container {display:none; opacity:0;}#sp-ea-3064 #eap_faq_search_bar_container span::before{content:\"\";}#sp-ea-3064.sp-easy-accordion>.sp-ea-single>.sp-collapse>.ea-body p{ padding:0px}#sp-ea-3064>.sp-ea-single>.sp-collapse>.ea-body .eap-product-price {color: #444;}#sp-ea-3064.sp-easy-accordion>.sp-ea-single>.sp-collapse>.ea-body .eap-product-price del{color: rgba(68,68,68,0.71);}#sp-ea-3064.sp-easy-accordion>.sp-ea-single>.sp-collapse>.ea-body .eap-product-cart-button .woocommerce a { border: 1px solid #DAD6DA;border-radius: 2px;background-color: transparent;color: #444;}#sp-ea-3064.sp-easy-accordion>.sp-ea-single>.sp-collapse>.ea-body .eap-product-cart-button .woocommerce a:hover { border-color: #444;background-color: #444;color: #fff;}#sp-ea-3064.sp-easy-accordion>.sp-ea-single>>.sp-collapse>.ea-body .eap-product-cart-button .eap-product-quantity .eap_input_text {border: 1px solid #DAD6DA;}#sp-ea-3064.sp-easy-accordion>.sp-ea-single>.sp-collapse>.ea-body .eap-product-cart-button a.add_to_cart_button{position: relative;}<\/style><div id=\"sp-eap-accordion-section-3064\" class=\"sp-eap-container\"><div id=\"sp-ea-3064\" class=\"sp-ea-one sp-easy-accordion \" data-ex-icon=\"fa-caret-right\" data-col-icon=\"fa-caret-down\" data-ea-active=\"ea-click\" data-ea-mode=\"vertical\" data-ea-multi-column=\"\" data-ea-coll=\"\" data-keep-accordion=\"\" data-autoclose=\"\" data-preloader=\"\" data-scroll-active-item=\"\" data-offset-to-scroll=\"0\" data-autoplaytime=\"3000\" data-expand=\"\" data-post-id=\"3064\" data-accordion_mode=\"ea-all-close\">\t<div class=\"ea-card  sp-ea-single\"  data-accordion-id= \"0\">\n\n\t\t<h3 class=\"ea-header\">\n\t\t\t<a class=\"collapsed\" data-sptoggle=\"spcollapse\" rel=\"nofollow\" data-sptarget=\"#collapse30640\" href=\"#\" data-title=\"efaq-description-detaillee-du-schema-du-nouveau-modele-de-gouvernance-visant-a-harmoniser-les-codes-de-construction-au-canada\" aria-expanded=\"false\">\n\t\t\t\t<i class=\"ea-expand-icon fa fa-caret-down\"><\/i>  Description d\u00e9taill\u00e9e du sch\u00e9ma du nouveau mod\u00e8le de gouvernance visant \u00e0 harmoniser les codes de construction au Canada\t\t\t<\/a>\n\t\t<\/h3>\n\n\t\t<div class=\"sp-collapse spcollapse spcollapse\" id=\"collapse30640\" data-parent=\"#sp-ea-3064\">\n\t\t<div class=\"ea-body\"> \n<div class=\"ea-content-wrapper animated normal\"> \n\t<p>Le Comit\u00e9 canadien de l'harmonisation des codes de construction (CCHCC) est l'organisme d\u00e9cisionnel pour les codes mod\u00e8les nationaux.<\/p>\n<p>La Table strat\u00e9gique canadienne sur l'harmonisation des codes de construction (TSCHCC) supervise le CCHCC et \u00e9tablit l'orientation strat\u00e9gique des codes mod\u00e8les nationaux.<\/p>\n<p>Les comit\u00e9s techniques \u00e9laborent les modifications propos\u00e9es aux codes mod\u00e8les nationaux. Ils comprennent des sous-comit\u00e9s et des groupes de travail.<\/p>\n<p>Le Conseil consultatif sur l'harmonisation des codes de construction est compos\u00e9 d'organismes du secteur de la construction qui conseillent le CCHCC quant aux principaux enjeux strat\u00e9giques.<\/p>\n<p>La communaut\u00e9 des codes est compos\u00e9e d'utilisateurs des codes, d'organismes int\u00e9ress\u00e9s et des membres du public, qui apportent leur contribution par l'entremise des examens publics et en participant aux r\u00e9unions publiques.<\/p>\n<\/div>\n<\/div>\n\t\t\t<\/div>\n\t<\/div>\n\t<\/div><\/div><\/p>\n<p>Table strat\u00e9gique canadienne sur l&rsquo;harmonisation des codes de construction (TSCHCC) : Les travaux du CCHCC sont supervis\u00e9s par la TSCHCC, qui \u00e9tablit l&rsquo;orientation strat\u00e9gique pour l&rsquo;\u00e9laboration des codes.<\/p>\n<p>La TSCHCC est compos\u00e9e de sous-ministres provinciaux, territoriaux et f\u00e9d\u00e9raux (ou de repr\u00e9sentants de niveau \u00e9quivalent) et est copr\u00e9sid\u00e9e par un repr\u00e9sentant provincial ou territorial et par un membre du CNRC au nom du gouvernement f\u00e9d\u00e9ral.<\/p>\n<p>Conseil consultatif sur l&rsquo;harmonisation des codes de construction (Conseil consultatif) : Le CCHCC re\u00e7oit du Conseil consultatif des conseils sur les politiques et la mise en \u0153uvre concernant les codes mod\u00e8les nationaux. Le Conseil consultatif est compos\u00e9 de repr\u00e9sentants d&rsquo;une vaste gamme d&rsquo;organismes membres, dont des responsables municipaux, des intervenants d&rsquo;urgence ainsi que des repr\u00e9sentants de l&rsquo;industrie de la construction et d&rsquo;autres organismes int\u00e9ress\u00e9s par la r\u00e9glementation de la construction et de l&rsquo;exploitation des b\u00e2timents par l&rsquo;entremise des codes. La composition du Conseil consultatif est approuv\u00e9e par le CCHCC.<\/p>\n<p>Comit\u00e9s d&rsquo;\u00e9laboration des codes et groupes d&rsquo;\u00e9tude : Les modifications aux codes mod\u00e8les nationaux sont prises en charge par les comit\u00e9s d&rsquo;\u00e9laboration des codes. Chaque comit\u00e9 d&rsquo;\u00e9laboration des codes est compos\u00e9 d&rsquo;experts b\u00e9n\u00e9voles dont les efforts se concentrent sur des sujets techniques pr\u00e9cis.<\/p>\n<p>Le CCHCC approuve \u00e9galement la cr\u00e9ation de groupes d&rsquo;\u00e9tude, de groupes de travail et de groupes consultatifs \u00e0 court terme. Ces groupes examinent des enjeux particuliers et font des recommandations au CCHCC ou au comit\u00e9 d&rsquo;origine concern\u00e9.<\/p>\n<p>Des renseignements suppl\u00e9mentaires sur les comit\u00e9s d&rsquo;\u00e9laboration des codes et les groupes d&rsquo;\u00e9tude sont disponibles <a href=\"https:\/\/dev-cbhcc-cchcc.ca\/fr\/comites-delaboration-de-codes-et-groupes-etude\/\">ici<\/a>.<\/p>\n<p>Le Conseil national de recherches du Canada (CNRC) fournit un soutien administratif au CCHCC par l&rsquo;entremise de Codes Canada, une unit\u00e9 administrative du Centre de recherche en construction du CNRC.<\/p>\n","protected":false},"excerpt":{"rendered":"<p>Comit\u00e9 canadien de l&rsquo;harmonisation des codes de construction Le Comit\u00e9 canadien de l&rsquo;harmonisation des codes de construction (CCHCC) est responsable de l&rsquo;\u00e9laboration des codes mod\u00e8les nationaux du Canada, qui renferment des objectifs visant la sant\u00e9, la s\u00e9curit\u00e9, l&rsquo;accessibilit\u00e9, la protection des b\u00e2timents contre l&rsquo;incendie et les dommages structuraux et la protection de l&rsquo;environnement. Les codes mod\u00e8les nationaux sont les suivants : le Code national du b\u00e2timent \u2013 Canada (CNB); le Code national de la plomberie \u2013 Canada (CNP); le Code national de pr\u00e9vention des incendies \u2013 Canada (CNPI); le Code national de l&rsquo;\u00e9nergie pour les b\u00e2timents \u2013 Canada (CN\u00c9B); le Code national de construction des b\u00e2timents agricoles \u2013 Canada (CNCBA), dont la derni\u00e8re publication remonte \u00e0 1995. Le CNB \u00e9tablit des exigences minimales concernant la s\u00e9curit\u00e9, la sant\u00e9, l&rsquo;accessibilit\u00e9, l&rsquo;efficacit\u00e9 \u00e9nerg\u00e9tique et la protection des b\u00e2timents. Le CNP renferme des dispositions qui traitent de l&rsquo;installation s\u00e9curitaire des r\u00e9seaux d&rsquo;alimentation en eau potable, de l&rsquo;\u00e9vacuation des eaux us\u00e9es dans les \u00e9gouts<\/p>\n","protected":false},"author":1,"featured_media":0,"parent":0,"menu_order":0,"comment_status":"closed","ping_status":"closed","template":"","meta":{"rs_blank_template":"","rs_page_bg_color":"","slide_template_v7":"","footnotes":""},"class_list":["post-956","page","type-page","status-publish","hentry"],"_links":{"self":[{"href":"https:\/\/cbhcc-cchcc.ca\/fr\/wp-json\/wp\/v2\/pages\/956","targetHints":{"allow":["GET"]}}],"collection":[{"href":"https:\/\/cbhcc-cchcc.ca\/fr\/wp-json\/wp\/v2\/pages"}],"about":[{"href":"https:\/\/cbhcc-cchcc.ca\/fr\/wp-json\/wp\/v2\/types\/page"}],"author":[{"embeddable":true,"href":"https:\/\/cbhcc-cchcc.ca\/fr\/wp-json\/wp\/v2\/users\/1"}],"replies":[{"embeddable":true,"href":"https:\/\/cbhcc-cchcc.ca\/fr\/wp-json\/wp\/v2\/comments?post=956"}],"version-history":[{"count":35,"href":"https:\/\/cbhcc-cchcc.ca\/fr\/wp-json\/wp\/v2\/pages\/956\/revisions"}],"predecessor-version":[{"id":7400,"href":"https:\/\/cbhcc-cchcc.ca\/fr\/wp-json\/wp\/v2\/pages\/956\/revisions\/7400"}],"wp:attachment":[{"href":"https:\/\/cbhcc-cchcc.ca\/fr\/wp-json\/wp\/v2\/media?parent=956"}],"curies":[{"name":"wp","href":"https:\/\/api.w.org\/{rel}","templated":true}]}}