{"id":954,"date":"2023-04-28T19:53:49","date_gmt":"2023-04-28T23:53:49","guid":{"rendered":"https:\/\/cbhcc-cchcc.ca\/?page_id=954"},"modified":"2024-08-30T20:02:57","modified_gmt":"2024-08-31T00:02:57","slug":"priorites-pour-les-codes","status":"publish","type":"page","link":"https:\/\/cbhcc-cchcc.ca\/fr\/priorites-pour-les-codes\/","title":{"rendered":"Priorit\u00e9s pour les codes"},"content":{"rendered":"<p>Les codes mod\u00e8les nationaux du Canada sont g\u00e9n\u00e9ralement \u00e9labor\u00e9s selon un cycle de cinq ans. Pour chaque cycle d\u2019\u00e9laboration des codes, le CCHCC \u00e9tablit un plan de travail qui oriente les travaux des comit\u00e9s d\u2019\u00e9laboration des codes, alors que ces derniers \u00e9laborent et \u00e9valuent les modifications possibles aux codes. Le plan de travail vise \u00e0 aborder les priorit\u00e9s strat\u00e9giques d\u00e9finies par la Table strat\u00e9gique canadienne sur l\u2019harmonisation des codes de construction (TSCHCC).<\/p>\n\n<style id=\"ea_dynamic_css6296\">#sp-ea-6296 .spcollapsing{height: 0; overflow: hidden; transition-property: height; transition-duration: 500ms;}#sp-ea-6296.sp-easy-accordion>.sp-ea-single.eap_inactive>.ea-header a {background-color: #bb0000 !important; color: #fff !important;}#sp-ea-6296.sp-easy-accordion>.sp-ea-single{ margin-bottom: 10px; border: 1px solid #e2e2e2; border-radius: 3px;}#sp-ea-6296.sp-easy-accordion>.sp-ea-single.ea-expand{ border-color: #e2e2e2;}#sp-ea-6296.sp-easy-accordion>.sp-ea-single:hover{ border-color: #e2e2e2;}#sp-ea-6296.sp-easy-accordion>.sp-ea-single>.ea-header a {background: #eee;}#sp-ea-6296.sp-easy-accordion>.sp-ea-single.ea-expand>.ea-header a {background: #eee;}#sp-ea-6296.sp-easy-accordion>.sp-ea-single>.ea-header:hover a {background: #eee;}#sp-ea-6296.sp-easy-accordion>.sp-ea-single>.ea-header a .eap-title-icon { color: #172f4c;font-size: 20px;} #sp-ea-6296.sp-easy-accordion>.sp-ea-single>.ea-header a .eap-title-custom-icon {max-width: 20px;}#sp-ea-6296.sp-easy-accordion>.sp-ea-single>.ea-header:hover a .eap-title-icon {color: #172f4c;}#sp-ea-6296.sp-easy-accordion>.sp-ea-single.ea-expand>.ea-header a .eap-title-icon {color: #172f4c;}#sp-ea-6296.sp-easy-accordion>.sp-ea-single>.ea-header a {padding: 15px 15px 15px 15px; color: #172f4c; font-size: 20px; line-height: 30px; text-align: left; letter-spacing: 0px; text-transform: none;}#sp-ea-6296.sp-easy-accordion>.sp-ea-single>.ea-header:hover a {color: #172f4c;}#sp-ea-6296.sp-easy-accordion>.sp-ea-single.ea-expand>.ea-header a {color: #172f4c;}#sp-ea-6296.sp-easy-accordion>.sp-ea-single>.sp-collapse>.ea-body p,#sp-ea-6296.sp-easy-accordion>.sp-ea-single>.sp-collapse>.ea-body{background: #fff; padding: 15px 15px 15px 15px; border-radius: 0 0 3px 3px; color: #172f4c; font-size: 16px; text-align: left; letter-spacing: 0px; line-height: 26px; animation-delay: 200ms; text-transform: none;}#sp-ea-6296.sp-easy-accordion>.sp-ea-single>.ea-header a .ea-expand-icon.fa:before {color: #444; font-size: 16px; font-style: normal;}#sp-ea-6296.sp-easy-accordion>.sp-ea-single>.ea-header:hover a .ea-expand-icon.fa:before {color: #444;}#sp-ea-6296.sp-easy-accordion>.sp-ea-single.ea-expand>.ea-header a .ea-expand-icon.fa:before {color: #444;}#sp-ea-6296.sp-easy-accordion>.sp-ea-single{border-radius: 3px; border: 1px solid #e2e2e2;}#sp-ea-6296.sp-easy-accordion>.sp-ea-single>.sp-collapse>.ea-body{border-radius: 0 0 3px 3px; border: none;}#sp-ea-6296.sp-easy-accordion>.sp-ea-single>.ea-header a .ea-expand-icon.fa {float: left; margin-right: 10px;}#sp-ea-6296 #eap_faq_search_bar_container {display:none; opacity:0;}#sp-ea-6296 #eap_faq_search_bar_container span::before{content:\"\";}#sp-eap-accordion-section-6296 .eap_faq_collapse_button {text-align: left}#sp-eap-accordion-section-6296 .eap_faq_collapse_button a {color: #fff; background-color: #172f4c}#sp-eap-accordion-section-6296 .eap_faq_collapse_button a:hover {filter: brightness(90%)}#sp-ea-6296.sp-easy-accordion>.sp-ea-single>.sp-collapse>.ea-body p{ padding:0px}#sp-eap-accordion-section-6296.sp-eap-container .sp-eap-infinite-scroll-loader,#sp-eap-accordion-section-6296.sp-eap-container div:is(.sp-eap-load-more,.sp-eap-ajax-number-pagination){text-align:center;}#sp-ea-6296>.sp-ea-single>.sp-collapse>.ea-body .eap-product-price {color: #444;}#sp-ea-6296.sp-easy-accordion>.sp-ea-single>.sp-collapse>.ea-body .eap-product-price del{color: rgba(68,68,68,0.71);}#sp-ea-6296.sp-easy-accordion>.sp-ea-single>.sp-collapse>.ea-body .eap-product-cart-button .woocommerce a { border: 1px solid #DAD6DA;border-radius: 2px;background-color: transparent;color: #444;}#sp-ea-6296.sp-easy-accordion>.sp-ea-single>.sp-collapse>.ea-body .eap-product-cart-button .woocommerce a:hover { border-color: #444;background-color: #444;color: #fff;}#sp-ea-6296.sp-easy-accordion>.sp-ea-single>>.sp-collapse>.ea-body .eap-product-cart-button .eap-product-quantity .eap_input_text {border: 1px solid #DAD6DA;}#sp-ea-6296.sp-easy-accordion>.sp-ea-single>.sp-collapse>.ea-body .eap-product-cart-button a.add_to_cart_button{position: relative;}<\/style><div id=\"sp-eap-accordion-section-6296\" class=\"sp-eap-container\">\t<div id=\"eap-faq-collapse-button-6296\" class=\"eap_faq_collapse_button\" data-expand-text=\"Afficher tout\" data-collapse-text=\"R\u00e9duire tout\">\n\t\t<a href=\"#\">R\u00e9duire tout\t\t\t<span><i class=\"fa fa-angle-down\"><\/i><\/span> \n\t\t\t<span><i class=\"fa fa-angle-up\"><\/i><\/i><\/span>\n\t\t<\/a>\n\t<\/div>\n\t<div id=\"sp-ea-6296\" class=\"sp-ea-one sp-easy-accordion \" data-ex-icon=\"fa-caret-right\" data-col-icon=\"fa-caret-down\" data-ea-active=\"ea-click\" data-ea-mode=\"vertical\" data-ea-multi-column=\"\" data-ea-coll=\"\" data-keep-accordion=\"\" data-autoclose=\"\" data-preloader=\"\" data-scroll-active-item=\"\" data-offset-to-scroll=\"0\" data-autoplaytime=\"3000\" data-expand=\"1\" data-post-id=\"6296\" data-accordion_mode=\"ea-all-close\">\t<div class=\"ea-card  sp-ea-single\"  data-accordion-id= \"0\">\n\n\t\t<h3 class=\"ea-header\">\n\t\t\t<a class=\"collapsed\" data-sptoggle=\"spcollapse\" rel=\"nofollow\" data-sptarget=\"#collapse62960\" href=\"#\" data-title=\"efaq-priorites-pour-les-codes-de-2025\" aria-expanded=\"false\">\n\t\t\t\t<i class=\"ea-expand-icon fa fa-caret-down\"><\/i>  Priorit\u00e9s pour les codes de 2025\t\t\t<\/a>\n\t\t<\/h3>\n\n\t\t<div class=\"sp-collapse spcollapse spcollapse\" id=\"collapse62960\" data-parent=\"#sp-ea-6296\">\n\t\t<div class=\"ea-body\"> \n<div class=\"ea-content-wrapper animated fadeIn\"> \n\t<p>Les priorit\u00e9s pour le cycle d\u2019\u00e9laboration des codes de 2025 ont \u00e9t\u00e9 \u00e9tablies sous la direction de l\u2019ancienne Commission canadienne des codes du b\u00e2timent et de pr\u00e9vention des incendies (CCCBPI)<a href=\"#ccbfc-1\"><sup id=\"fnt-1\">1<\/sup><\/a> en s\u2019appuyant sur les conseils fournis par le Comit\u00e9 consultatif provincial-territorial des politiques sur les codes (CCPTPC). Ces priorit\u00e9s seront maintenues par le CCHCC.<\/p>\n<p>Les priorit\u00e9s pour les \u00e9ditions de 2025 des codes mod\u00e8les nationaux et les grandes lignes des modifications possibles en cours d\u2019\u00e9laboration sont les suivantes :<\/p>\n<p><strong>Harmonisation des codes :<\/strong> collaborer avec les provinces et les territoires dans le but de r\u00e9duire les \u00e9carts techniques entre les codes de construction au Canada.<\/p>\n<p><strong>Att\u00e9nuation des changements climatiques :<\/strong> \u00e9laborer des dispositions afin de peaufiner les paliers d\u2019efficacit\u00e9 \u00e9nerg\u00e9tique introduits dans les codes de 2020; \u00e9largir la port\u00e9e des objectifs actuels de mani\u00e8re \u00e0 inclure un nouvel objectif visant les \u00e9missions de gaz \u00e0 effet de serre (GES); \u00e9laborer des solutions connexes ax\u00e9es sur la performance pour s\u2019attaquer aux \u00e9missions de GES op\u00e9rationnelles excessives dans les b\u00e2timents.<\/p>\n<p><strong>Adaptation aux changements climatiques :<\/strong> \u00e9laborer des solutions pour la pr\u00e9vention de la surchauffe dans les b\u00e2timents; introduire des donn\u00e9es climatiques prospectives.<\/p>\n<p><strong>Transformations apport\u00e9es aux b\u00e2timents existants :<\/strong> \u00e9laborer des exigences relatives aux b\u00e2timents existants afin de faciliter les am\u00e9liorations \u00e9co\u00e9nerg\u00e9tiques lors des r\u00e9novations.<\/p>\n<p><strong>Accessibilit\u00e9 :<\/strong> \u00e9largir l\u2019objectif d\u2019accessibilit\u00e9 afin de ne plus exempter les logements; \u00e9laborer des exigences techniques en mati\u00e8re d\u2019adaptabilit\u00e9 et de visitabilit\u00e9 des logements dans les immeubles r\u00e9sidentiels \u00e0 logements multiples; am\u00e9liorer l\u2019acc\u00e8s aux b\u00e2timents pour les personnes ayant une incapacit\u00e9 visuelle; rehausser la s\u00e9curit\u00e9 en am\u00e9liorant l\u2019accessibilit\u00e9.<\/p>\n<p><strong>Sujets li\u00e9s \u00e0 la s\u00e9curit\u00e9 incendie et \u00e0 la s\u00e9curit\u00e9 des personnes :<\/strong> prendre en compte les r\u00e9sultats des plus r\u00e9centes recherches sur la r\u00e9sistance au feu dans les dispositions qui d\u00e9finissent le pourcentage de bois d\u2019\u0153uvre massif expos\u00e9 des b\u00e2timents de construction en bois d\u2019\u0153uvre massif encapsul\u00e9 (CBOME); aborder les questions de s\u00e9curit\u00e9 incendie qui se posent lors de la construction.<\/p>\n<p><strong>Travaux strat\u00e9giques :<\/strong> en plus des travaux strat\u00e9giques sur l\u2019att\u00e9nuation des changements climatiques visant \u00e0 \u00e9laborer des dispositions relatives aux \u00e9missions de GES, \u00e9valuer le r\u00f4le des codes en mati\u00e8re d\u2019adaptation aux changements climatiques, y compris la conception de b\u00e2timents r\u00e9sistants aux inondations et les mesures d\u2019att\u00e9nuation li\u00e9es aux incendies en milieu p\u00e9riurbain, au perg\u00e9lisol et aux vents extr\u00eames. Les travaux strat\u00e9giques abordent \u00e9galement la clarification des objectifs des codes en ce qui concerne la s\u00e9curit\u00e9 des intervenants d\u2019urgence dans l\u2019exercice de leurs fonctions.<\/p>\n<hr \/>\n<p class=\"ccbfc-fnt\"><sup id=\"ccbfc-1\"><strong>1<\/strong><\/sup> <sub>La Commission canadienne des codes du b\u00e2timent et de pr\u00e9vention des incendies \u00e9tait le groupe responsable de l\u2019\u00e9laboration des codes nationaux avant la transformation de la gouvernance en novembre 2022. Pour de plus amples renseignements sur la transition vers le nouveau mod\u00e8le de gouvernance, veuillez cliquer <a href=\"https:\/\/www.newswire.ca\/fr\/news-releases\/creation-d-un-nouveau-comite-federal-provincial-territorial-visant-a-harmoniser-les-codes-de-construction-a-l-echelle-du-canada-809298688.html\">ici<\/a>.<\/sub><\/p>\n<\/div>\n<\/div>\n\t\t\t<\/div>\n\t<\/div>\n\t\t<div class=\"ea-card  sp-ea-single\"  data-accordion-id= \"1\">\n\n\t\t<h3 class=\"ea-header\">\n\t\t\t<a class=\"collapsed\" data-sptoggle=\"spcollapse\" rel=\"nofollow\" data-sptarget=\"#collapse62961\" href=\"#\" data-title=\"efaq-priorites-pour-les-codes-de-2030\" aria-expanded=\"false\">\n\t\t\t\t<i class=\"ea-expand-icon fa fa-caret-down\"><\/i>  Priorit\u00e9s pour les codes de 2030\t\t\t<\/a>\n\t\t<\/h3>\n\n\t\t<div class=\"sp-collapse spcollapse spcollapse\" id=\"collapse62961\" data-parent=\"#sp-ea-6296\">\n\t\t<div class=\"ea-body\"> \n<div class=\"ea-content-wrapper animated fadeIn\"> \n\t<p>Les priorit\u00e9s strat\u00e9giques suivantes ont \u00e9t\u00e9 \u00e9tablies pour les \u00e9ditions de 2030 des codes mod\u00e8les nationaux, dont le cycle d\u2019\u00e9laboration a d\u00e9but\u00e9 en janvier 2025.<\/p>\n<p>Vous pourrez obtenir des informations et des mises \u00e0 jour sur les priorit\u00e9s et sur les autres sujets li\u00e9s aux codes en assistant aux <a href=\"\/fr\/calendrier-des-reunions\/\">prochaines r\u00e9unions<\/a> du CCHCC, ainsi qu\u2019aux r\u00e9unions des comit\u00e9s des codes mod\u00e8les nationaux qui travaillent sur ces dossiers dans le cadre du plan de travail approuv\u00e9 du CCHCC.<\/p>\n<p><strong>Accessibilit\u00e9 des b\u00e2timents et des logements :<\/strong> Poursuivre l\u2019\u00e9laboration des dispositions visant \u00e0 accro\u00eetre l\u2019accessibilit\u00e9 des b\u00e2timents et des logements pour les personnes ayant une incapacit\u00e9. Les domaines d\u2019int\u00e9r\u00eat comprennent une \u00e9tude des moyens d\u2019\u00e9vacuation des b\u00e2timents et la poursuite des travaux visant \u00e0 rendre les logements plus adaptables et visitables.<\/p>\n<p><strong>Transformations apport\u00e9es aux b\u00e2timents existants :<\/strong> Poursuivre l\u2019\u00e9laboration des dispositions sur les transformations apport\u00e9es aux b\u00e2timents existants dans diff\u00e9rents domaines en s\u2019appuyant sur les travaux compl\u00e9t\u00e9s pendant l\u2019\u00e9laboration des codes mod\u00e8les nationaux de 2025. Ces domaines comprennent notamment les m\u00e9thodes de conformit\u00e9 par la performance \u00e9nerg\u00e9tique, les r\u00e9novations \u00e9nerg\u00e9tiques dans les b\u00e2timents existants (partie 9), les \u00e9missions de gaz \u00e0 effet de serre (GES) ainsi que les installations de chauffage, de ventilation, de conditionnement d\u2019air et de plomberie. De plus, l\u2019harmonisation avec les exigences des provinces et territoires quant aux transformations apport\u00e9es aux b\u00e2timents existants dans d\u2019autres domaines des codes pourrait \u00eatre envisag\u00e9e.<\/p>\n<p><strong>Att\u00e9nuation des changements climatiques :<\/strong> Poursuivre l\u2019\u00e9laboration des exigences sur l\u2019efficacit\u00e9 \u00e9nerg\u00e9tique et les \u00e9missions de GES dans le contexte des paliers de performance. Pour cette priorit\u00e9, les domaines d\u2019int\u00e9r\u00eat comprennent les \u00e9missions de GES op\u00e9rationnelles, les \u00e9missions de GES intrins\u00e8ques, la performance \u00e9nerg\u00e9tique des petits b\u00e2timents ainsi que l\u2019\u00e9clairage et les syst\u00e8mes de distribution d\u2019\u00e9lectricit\u00e9.<\/p>\n<p><strong>Adaptation aux changements climatiques :<\/strong> Travailler \u00e0 l\u2019adaptation de l\u2019environnement b\u00e2ti aux changements climatiques, pour lesquels les codes mod\u00e8les nationaux sont consid\u00e9r\u00e9s comme l\u2019instrument appropri\u00e9. Pour cette priorit\u00e9, les domaines d\u2019int\u00e9r\u00eat comprennent la poursuite des travaux sur la surchauffe, ainsi que des travaux possibles portant sur la durabilit\u00e9, la conception de b\u00e2timents r\u00e9sistants aux inondations, la r\u00e9sistance aux vents forts, le perg\u00e9lisol et les risques d\u2019incendie en milieu p\u00e9riurbain.<\/p>\n<p><strong>Harmonisation :<\/strong> Travailler \u00e0 r\u00e9duire et \u00e0 \u00e9liminer les diff\u00e9rences et les \u00e9carts entre les codes mod\u00e8les nationaux et les codes provinciaux et territoriaux dans les domaines cibl\u00e9s par le CCHCC. L\u2019harmonisation des exigences des codes est une priorit\u00e9 sous-jacente \u00e0 toutes les activit\u00e9s d\u2019\u00e9laboration des codes pour les \u00e9ditions de 2030.<\/p>\n<p><strong>Offre de logements :<\/strong> Appuyer les efforts pour augmenter l\u2019offre de logements en consid\u00e9rant des m\u00e9thodes de construction novatrices, en permettant de nouvelles options de construction de logements et en soutenant la densification. Pour cette priorit\u00e9, les domaines d\u2019int\u00e9r\u00eat comprennent des exigences relatives aux micromaisons, au d\u00e9placement des b\u00e2timents et \u00e0 la construction modulaire ainsi que la construction de b\u00e2timents \u00e0 un seul moyen d\u2019\u00e9vacuation dans certaines circonstances.<\/p>\n<p><strong>Solutions ax\u00e9es sur la performance :<\/strong> \u00c9laborer des options de conformit\u00e9 ax\u00e9es sur la performance qui s\u2019ajouteront aux options de conformit\u00e9 prescriptives actuelles. Les sujets trait\u00e9s dans le cadre de cette priorit\u00e9 comprennent des exigences en mati\u00e8re de calcul parasismique, ainsi que sur les moyens d\u2019\u00e9vacuation et la protection contre l\u2019incendie. Ces nouvelles options refl\u00e9teront le niveau de performance minimal des options de conformit\u00e9 prescriptives actuelles dans les codes mod\u00e8les nationaux.<\/p>\n<p><strong>Sujets cibl\u00e9s :<\/strong> En plus des priorit\u00e9s strat\u00e9giques d\u00e9crites ci-dessus, le CCHCC poursuivra l\u2019\u00e9laboration de modifications propos\u00e9es dans des domaines sp\u00e9cifiques des codes. Ceux-ci pourraient inclure les risques en mati\u00e8re de s\u00e9curit\u00e9 incendie et de s\u00e9curit\u00e9 des personnes li\u00e9s aux syst\u00e8mes de stockage d\u2019\u00e9nergie et \u00e0 la recharge de v\u00e9hicules \u00e9lectriques, le comportement au feu des planchers dans les maisons, les proc\u00e9d\u00e9s dangereux et l\u2019utilisation accrue de la construction en bois d\u2019\u0153uvre massif encapsul\u00e9. Le CCHCC examinera aussi des exigences visant \u00e0 att\u00e9nuer les risques associ\u00e9s au radon, \u00e0 la qualit\u00e9 de l\u2019eau dans les chauffe-eau et \u00e0 la bact\u00e9rie Legionella, en plus de se pencher sur la qualit\u00e9 de l\u2019air int\u00e9rieur et les a\u00e9rosols pathog\u00e8nes qui affectent l\u2019environnement int\u00e9rieur.<\/p>\n<p>L'abordabilit\u00e9 est un prisme \u00e0 travers lequel le CCHCC et ses comit\u00e9s d'\u00e9laboration des codes \u00e9valuent toutes les modifications propos\u00e9es aux codes. Lorsqu\u2019elles sont soumises \u00e0 l\u2019examen public, ces modifications sont accompagn\u00e9es d'une analyse des r\u00e9percussions d\u00e9crivant les co\u00fbts et les avantages li\u00e9s \u00e0 la modification propos\u00e9e.<\/p>\n<p>Les travaux r\u00e9alis\u00e9s dans le cadre des priorit\u00e9s ci-dessus n\u2019excluent pas l\u2019\u00e9laboration de dispositions dans d\u2019autres domaines qui font l\u2019objet de demandes de la part des utilisateurs des codes.<\/p>\n<\/div>\n<\/div>\n\t\t\t<\/div>\n\t<\/div>\n\t<\/div><\/div>\n","protected":false},"excerpt":{"rendered":"<p>Les codes mod\u00e8les nationaux du Canada sont g\u00e9n\u00e9ralement \u00e9labor\u00e9s selon un cycle de cinq ans. Pour chaque cycle d\u2019\u00e9laboration des codes, le CCHCC \u00e9tablit un plan de travail qui oriente les travaux des comit\u00e9s d\u2019\u00e9laboration des codes, alors que ces derniers \u00e9laborent et \u00e9valuent les modifications possibles aux codes. Le plan de travail vise \u00e0 aborder les priorit\u00e9s strat\u00e9giques d\u00e9finies par la Table strat\u00e9gique canadienne sur l\u2019harmonisation des codes de construction (TSCHCC).<\/p>\n","protected":false},"author":1,"featured_media":0,"parent":0,"menu_order":0,"comment_status":"closed","ping_status":"closed","template":"","meta":{"rs_blank_template":"","rs_page_bg_color":"","slide_template_v7":"","footnotes":""},"class_list":["post-954","page","type-page","status-publish","hentry"],"_links":{"self":[{"href":"https:\/\/cbhcc-cchcc.ca\/fr\/wp-json\/wp\/v2\/pages\/954","targetHints":{"allow":["GET"]}}],"collection":[{"href":"https:\/\/cbhcc-cchcc.ca\/fr\/wp-json\/wp\/v2\/pages"}],"about":[{"href":"https:\/\/cbhcc-cchcc.ca\/fr\/wp-json\/wp\/v2\/types\/page"}],"author":[{"embeddable":true,"href":"https:\/\/cbhcc-cchcc.ca\/fr\/wp-json\/wp\/v2\/users\/1"}],"replies":[{"embeddable":true,"href":"https:\/\/cbhcc-cchcc.ca\/fr\/wp-json\/wp\/v2\/comments?post=954"}],"version-history":[{"count":6,"href":"https:\/\/cbhcc-cchcc.ca\/fr\/wp-json\/wp\/v2\/pages\/954\/revisions"}],"predecessor-version":[{"id":6303,"href":"https:\/\/cbhcc-cchcc.ca\/fr\/wp-json\/wp\/v2\/pages\/954\/revisions\/6303"}],"wp:attachment":[{"href":"https:\/\/cbhcc-cchcc.ca\/fr\/wp-json\/wp\/v2\/media?parent=954"}],"curies":[{"name":"wp","href":"https:\/\/api.w.org\/{rel}","templated":true}]}}