{"id":7040,"date":"2025-05-26T17:53:51","date_gmt":"2025-05-26T21:53:51","guid":{"rendered":"https:\/\/cbhcc-cchcc.ca\/?page_id=7040"},"modified":"2025-09-25T15:27:38","modified_gmt":"2025-09-25T19:27:38","slug":"ccmn-sur-le-calcul-parasismique","status":"publish","type":"page","link":"https:\/\/cbhcc-cchcc.ca\/fr\/comites-delaboration-de-codes-et-groupes-etude\/ccmn-sur-le-calcul-parasismique\/","title":{"rendered":"Mandat du Comit\u00e9 des codes mod\u00e8les nationaux sur le calcul parasismique"},"content":{"rendered":"<h2>Mandat<\/h2>\n<p>Le Comit\u00e9 des codes mod\u00e8les nationaux (CCMN) sur le calcul parasismique se penchera sur les mises \u00e0 jour possibles aux valeurs d\u2019al\u00e9a sismique et la clarification de la d\u00e9termination sur place des propri\u00e9t\u00e9s du sol, conform\u00e9ment au plan de travail approuv\u00e9 par le Comit\u00e9 canadien de l\u2019harmonisation des codes de construction (CCHCC).<\/p>\n<p><em>Note : il est possible que la liste des mandats pr\u00e9sent\u00e9e ci-dessous ne corresponde pas \u00e0 celle des groupes d\u2019\u00e9tude et des groupes de travail en cours d\u2019\u00e9laboration.<\/em><\/p>\n<h5>Sismicit\u00e9 [dans l\u2019attente de l\u2019orientation du CCHCC]<\/h5>\n<ul>\n<li>Examiner les valeurs d\u2019al\u00e9a sismique mises \u00e0 jour \u00e9labor\u00e9es par Ressources naturelles Canada (RNCan) et recommander une approche pour mettre \u00e0 jour les valeurs dans les codes mod\u00e8les nationaux en tenant compte des r\u00e9percussions sur les localit\u00e9s o\u00f9 une fluctuation historique des valeurs a entra\u00een\u00e9 de la confusion pour l\u2019industrie;<\/li>\n<li>Recommander des modifications aux valeurs d\u2019al\u00e9a sismique dans les codes mod\u00e8les nationaux, le cas \u00e9ch\u00e9ant, dans l\u2019attente de l\u2019orientation du CCHCC;<\/li>\n<li>Recommander des modifications aux codes dans la partie 4 et la partie 9 du CNB, le cas \u00e9ch\u00e9ant et si, \u00e0 la suite de la mise \u00e0 jour des valeurs d\u2019al\u00e9a sismique, des \u00e9carts existent ou le niveau de performance fourni par les dispositions actuelles n\u2019est pas celui pr\u00e9vu par le Code national du b\u00e2timent (CNB).<\/li>\n<\/ul>\n<h5>Caract\u00e9ristiques de l\u2019emplacement<\/h5>\n<ul>\n<li>Examiner les commentaires relatifs \u00e0 la d\u00e9termination sur place des propri\u00e9t\u00e9s du sol.<\/li>\n<li>Recommander des modifications aux commentaires afin de dissiper toute confusion potentielle li\u00e9e \u00e0 la d\u00e9termination des propri\u00e9t\u00e9s du sol.<\/li>\n<li>Recommander des modifications aux codes ou des lignes directrices dans les commentaires pour all\u00e9ger les difficult\u00e9s potentielles caus\u00e9es par l\u2019exigence actuelle d\u2019utiliser la surface de sol comme donn\u00e9e pour mesurer les caract\u00e9ristiques de l\u2019emplacement.<\/li>\n<\/ul>\n<p>Le CCMN a \u00e9t\u00e9 \u00e9tabli par le CCHCC et rel\u00e8ve de celui-ci. Il demeurera en place jusqu\u2019\u00e0 l\u2019ach\u00e8vement de son mandat, sauf indication contraire du CCHCC.<\/p>\n<p>Le CCMN se conformera aux proc\u00e9dures de fonctionnement du Comit\u00e9 canadien de l\u2019harmonisation des codes de construction.<\/p>\n<h2>Responsabilit\u00e9s<\/h2>\n<p>Conform\u00e9ment au mandat d\u00e9crit ci-dessus :<\/p>\n<ul>\n<li>\u00e9laborer des modifications propos\u00e9es aux codes aux fins d\u2019\u00e9valuation par le CCHCC en vue de l\u2019examen public;\n<ul>\n<li>pour l\u2019\u00e9laboration des modifications propos\u00e9es aux codes, tenir compte des \u00e9l\u00e9ments suivants :\n<ul>\n<li>les demandes de modification aux codes (DMC) transmises par le CCHCC;<\/li>\n<li>les exigences semblables dans les codes provinciaux ou territoriaux, et les possibilit\u00e9s d\u2019harmonisation;<\/li>\n<li>les normes et lignes directrices nouvelles et existantes;<\/li>\n<li>les DMC pertinentes, et aborder les \u00e9l\u00e9ments nouveaux \u00e0 prendre en consid\u00e9ration de la fa\u00e7on d\u00e9crite dans le pr\u00e9sent mandat ou selon les instructions du CCHCC; et<\/li>\n<li>les incidences sur d\u2019autres exigences des codes;<\/li>\n<\/ul>\n<\/li>\n<li>pour l\u2019\u00e9laboration des modifications propos\u00e9es aux codes, d\u00e9terminer les \u00e9l\u00e9ments suivants :\n<ul>\n<li>les r\u00e9percussions des modifications propos\u00e9es aux codes; et<\/li>\n<li>les r\u00e9percussions sur la mise en application des modifications propos\u00e9es aux codes;<\/li>\n<\/ul>\n<\/li>\n<\/ul>\n<\/li>\n<li>en tenant compte des commentaires re\u00e7us lors de l\u2019examen public, recommander la publication de modifications aux codes aux fins d\u2019\u00e9valuation par le CCHCC;<\/li>\n<li>d\u00e9terminer les domaines dans lesquels la recherche est n\u00e9cessaire pour soutenir le mandat et les efforts de coordination;<\/li>\n<li>cerner les possibilit\u00e9s de coordination avec l\u2019\u00e9laboration de normes et soutenir la coordination;<\/li>\n<li>appuyer l\u2019\u00e9laboration de contenu pour les guides de l\u2019utilisateur et les commentaires pertinents, le cas \u00e9ch\u00e9ant;<\/li>\n<li>pr\u00e9parer un rapport final pr\u00e9sentant un r\u00e9sum\u00e9 des d\u00e9lib\u00e9rations et des r\u00e9flexions qui ont men\u00e9 \u00e0 la recommandation, y compris les enjeux et les pr\u00e9occupations non r\u00e9solus; et<\/li>\n<li>par l\u2019entremise du pr\u00e9sident :\n<ul>\n<li>suivre les progr\u00e8s r\u00e9alis\u00e9s par rapport au plan de travail approuv\u00e9 du CCHCC et pr\u00e9senter r\u00e9guli\u00e8rement au CCHCC des mises \u00e0 jour sur les progr\u00e8s; et<\/li>\n<li>participer au Comit\u00e9 permanent de coordination des codes pour assurer l\u2019absence de chevauchements ou de conflits entre les travaux en cours et ceux d\u2019autres comit\u00e9s.<\/li>\n<\/ul>\n<\/li>\n<\/ul>\n\n\n<figure class=\"wp-block-table\"><table class=\"has-fixed-layout\"><tbody><tr><td><strong>Version<\/strong><\/td><td><strong>R\u00e9sum\u00e9 des modifications<\/strong><\/td><td><strong>Date d\u2019approbation par le CCHCC<\/strong><\/td><\/tr><tr><td>5.0<\/td><td>R\u00e9vision du mandat<\/td><td>2025-08-28<\/td><\/tr><\/tbody><\/table><\/figure>\n","protected":false},"excerpt":{"rendered":"<p>Mandat Le Comit\u00e9 des codes mod\u00e8les nationaux (CCMN) sur le calcul parasismique se penchera sur les mises \u00e0 jour possibles aux valeurs d\u2019al\u00e9a sismique et la clarification de la d\u00e9termination sur place des propri\u00e9t\u00e9s du sol, conform\u00e9ment au plan de travail approuv\u00e9 par le Comit\u00e9 canadien de l\u2019harmonisation des codes de construction (CCHCC). Note : il est possible que la liste des mandats pr\u00e9sent\u00e9e ci-dessous ne corresponde pas \u00e0 celle des groupes d\u2019\u00e9tude et des groupes de travail en cours d\u2019\u00e9laboration. Sismicit\u00e9 [dans l\u2019attente de l\u2019orientation du CCHCC] Examiner les valeurs d\u2019al\u00e9a sismique mises \u00e0 jour \u00e9labor\u00e9es par Ressources naturelles Canada (RNCan) et recommander une approche pour mettre \u00e0 jour les valeurs dans les codes mod\u00e8les nationaux en tenant compte des r\u00e9percussions sur les localit\u00e9s o\u00f9 une fluctuation historique des valeurs a entra\u00een\u00e9 de la confusion pour l\u2019industrie; Recommander des modifications aux valeurs d\u2019al\u00e9a sismique dans les codes mod\u00e8les nationaux, le cas \u00e9ch\u00e9ant, dans l\u2019attente de l\u2019orientation du CCHCC; Recommander<\/p>\n","protected":false},"author":2,"featured_media":0,"parent":1725,"menu_order":0,"comment_status":"closed","ping_status":"closed","template":"","meta":{"rs_blank_template":"","rs_page_bg_color":"","slide_template_v7":"","footnotes":""},"class_list":["post-7040","page","type-page","status-publish","hentry"],"_links":{"self":[{"href":"https:\/\/cbhcc-cchcc.ca\/fr\/wp-json\/wp\/v2\/pages\/7040","targetHints":{"allow":["GET"]}}],"collection":[{"href":"https:\/\/cbhcc-cchcc.ca\/fr\/wp-json\/wp\/v2\/pages"}],"about":[{"href":"https:\/\/cbhcc-cchcc.ca\/fr\/wp-json\/wp\/v2\/types\/page"}],"author":[{"embeddable":true,"href":"https:\/\/cbhcc-cchcc.ca\/fr\/wp-json\/wp\/v2\/users\/2"}],"replies":[{"embeddable":true,"href":"https:\/\/cbhcc-cchcc.ca\/fr\/wp-json\/wp\/v2\/comments?post=7040"}],"version-history":[{"count":3,"href":"https:\/\/cbhcc-cchcc.ca\/fr\/wp-json\/wp\/v2\/pages\/7040\/revisions"}],"predecessor-version":[{"id":7255,"href":"https:\/\/cbhcc-cchcc.ca\/fr\/wp-json\/wp\/v2\/pages\/7040\/revisions\/7255"}],"up":[{"embeddable":true,"href":"https:\/\/cbhcc-cchcc.ca\/fr\/wp-json\/wp\/v2\/pages\/1725"}],"wp:attachment":[{"href":"https:\/\/cbhcc-cchcc.ca\/fr\/wp-json\/wp\/v2\/media?parent=7040"}],"curies":[{"name":"wp","href":"https:\/\/api.w.org\/{rel}","templated":true}]}}