{"id":6723,"date":"2025-01-20T09:02:33","date_gmt":"2025-01-20T14:02:33","guid":{"rendered":"https:\/\/cbhcc-cchcc.ca\/?page_id=6723"},"modified":"2025-01-20T09:03:12","modified_gmt":"2025-01-20T14:03:12","slug":"examen-public-hiver-2025","status":"publish","type":"page","link":"https:\/\/cbhcc-cchcc.ca\/fr\/examen-public-hiver-2025\/","title":{"rendered":"Examen public \u2013 hiver 2025"},"content":{"rendered":"<p>Tenue de l\u2019examen public d&rsquo;une modification propos\u00e9e aux \u00e9ditions de 2020 du Code national du b\u00e2timent du <strong>20 janvier 2025<\/strong> au <strong>24 f\u00e9vrier 2025<\/strong>.<\/p>\n<h2>Code national du b\u00e2timent &#8211; Canada 2020<\/h2>\n<ul class=\"prs-fll23\">\n<li><a href=\"\/fra\/examen-public\/2025_1\/cnb_disposition.html\">Modifications propos\u00e9es au Code national du b\u00e2timent &#8211; Canada 2020, regroup\u00e9es par disposition du code<\/a><\/li>\n<li><a href=\"\/fra\/examen-public\/2025_1\/cnb_sujet.html\">Modifications propos\u00e9es au Code national du b\u00e2timent &#8211; Canada 2020, regroup\u00e9es par sujet<\/a><\/li>\n<\/ul>\n","protected":false},"excerpt":{"rendered":"<p>Tenue de l\u2019examen public d&rsquo;une modification propos\u00e9e aux \u00e9ditions de 2020 du Code national du b\u00e2timent du 20 janvier 2025 au 24 f\u00e9vrier 2025. Code national du b\u00e2timent &#8211; Canada 2020 Modifications propos\u00e9es au Code national du b\u00e2timent &#8211; Canada 2020, regroup\u00e9es par disposition du code Modifications propos\u00e9es au Code national du b\u00e2timent &#8211; Canada 2020, regroup\u00e9es par sujet<\/p>\n","protected":false},"author":2,"featured_media":0,"parent":0,"menu_order":0,"comment_status":"closed","ping_status":"closed","template":"","meta":{"rs_blank_template":"","rs_page_bg_color":"","slide_template_v7":"","footnotes":""},"class_list":["post-6723","page","type-page","status-publish","hentry"],"_links":{"self":[{"href":"https:\/\/cbhcc-cchcc.ca\/fr\/wp-json\/wp\/v2\/pages\/6723","targetHints":{"allow":["GET"]}}],"collection":[{"href":"https:\/\/cbhcc-cchcc.ca\/fr\/wp-json\/wp\/v2\/pages"}],"about":[{"href":"https:\/\/cbhcc-cchcc.ca\/fr\/wp-json\/wp\/v2\/types\/page"}],"author":[{"embeddable":true,"href":"https:\/\/cbhcc-cchcc.ca\/fr\/wp-json\/wp\/v2\/users\/2"}],"replies":[{"embeddable":true,"href":"https:\/\/cbhcc-cchcc.ca\/fr\/wp-json\/wp\/v2\/comments?post=6723"}],"version-history":[{"count":1,"href":"https:\/\/cbhcc-cchcc.ca\/fr\/wp-json\/wp\/v2\/pages\/6723\/revisions"}],"predecessor-version":[{"id":6724,"href":"https:\/\/cbhcc-cchcc.ca\/fr\/wp-json\/wp\/v2\/pages\/6723\/revisions\/6724"}],"wp:attachment":[{"href":"https:\/\/cbhcc-cchcc.ca\/fr\/wp-json\/wp\/v2\/media?parent=6723"}],"curies":[{"name":"wp","href":"https:\/\/api.w.org\/{rel}","templated":true}]}}