{"id":6590,"date":"2024-10-18T16:29:32","date_gmt":"2024-10-18T20:29:32","guid":{"rendered":"https:\/\/cbhcc-cchcc.ca\/?page_id=6590"},"modified":"2024-12-20T08:37:09","modified_gmt":"2024-12-20T13:37:09","slug":"archive-examen-public-des-modifications-proposees-aux-codes-modeles-nationaux-de-2020-automne-2024","status":"publish","type":"page","link":"https:\/\/cbhcc-cchcc.ca\/fr\/archive-examen-public-des-modifications-proposees-aux-codes-modeles-nationaux-de-2020-automne-2024\/","title":{"rendered":"Archiv\u00e9 \u2013 Examen public des modifications propos\u00e9es aux codes mod\u00e8les nationaux de 2020 \u2013 automne 2024"},"content":{"rendered":"<section class=\"alert alert-closing\"><span class=\"dashicons dashicons-warning\"><\/span><h2 class=\"info\"> Important<\/h2><p>Cet examen public est maintenant termin\u00e9.<br \/>Aller \u00e0 la <a href=\"\/fr\/simpliquer\/#s4\" class=\"alert-link\"><strong>page d'accueil des examens publics<\/strong><\/a>.<\/p><\/section>\n\n\n<p style=\"margin-top: 20px !important;\">Le pr\u00e9sent examen public national s&rsquo;est d\u00e9roul\u00e9 du <strong>21 octobre au 19 d\u00e9cembre 2024<\/strong>.<\/p>\n<p>Le Comit\u00e9 canadien de l\u2019harmonisation des codes de construction (CCHCC) a invit\u00e9 les utilisateurs des codes, la communaut\u00e9 des codes en g\u00e9n\u00e9ral et le public \u00e0 participer \u00e0 l\u2019examen public de l\u2019automne 2024 portant sur des modifications propos\u00e9es aux \u00e9ditions de 2020 des codes mod\u00e8les nationaux. Les modifications propos\u00e9es soumises au pr\u00e9sent examen public visaient les sujets suivants du Code national du b\u00e2timent \u2013 Canada, du Code national de pr\u00e9vention des incendies \u2013 Canada, du Code national de l\u2019\u00e9nergie pour les b\u00e2timents \u2013 Canada et du Code national de la plomberie \u2013 Canada :<\/p>\n<h3>Code national du b\u00e2timent \u2013 Canada<\/h3>\n<ul>\n<li>Fen\u00eatrage<\/li>\n<li>Enveloppe du b\u00e2timent<\/li>\n<li>\u00c9missions de gaz \u00e0 effet de serre<\/li>\n<li>Mises \u00e0 jour des documents incorpor\u00e9s par renvoi<\/li>\n<\/ul>\n<h3>Code national de l&rsquo;\u00e9nergie pour les b\u00e2timents \u2013 Canada<\/h3>\n<ul>\n<li>Conformit\u00e9 par la m\u00e9thode de performance \u2013 exigences relatives aux logiciels de mod\u00e9lisation \u00e9nerg\u00e9tique<\/li>\n<li>Conformit\u00e9 par la m\u00e9thode de performance \u2013 m\u00e9thodes de calcul exceptionnelles<\/li>\n<li>Mises \u00e0 jour des documents incorpor\u00e9s par renvoi<\/li>\n<\/ul>\n<h3>Code national de pr\u00e9vention des incendies \u2013 Canada<\/h3>\n<ul>\n<li>Construction en bois d&rsquo;\u0153uvre massif encapsul\u00e9<\/li>\n<li>Mises \u00e0 jour des documents incorpor\u00e9s par renvoi<\/li>\n<\/ul>\n<h3>Code national de la plomberie \u2013 Canada<\/h3>\n<ul>\n<li>Mises \u00e0 jour des documents incorpor\u00e9s par renvoi<\/li>\n<\/ul>\n<p><\/p>\n<p>Se reporter au <strong>r\u00e9sum\u00e9 des modifications propos\u00e9es<\/strong> ci-dessous pour plus de d\u00e9tails.<\/p>\n<p>Cet examen public visait \u00e0 :<\/p>\n<ul>\n<li>permettre aux utilisateurs des codes, \u00e0 la communaut\u00e9 des codes en g\u00e9n\u00e9ral et au public d\u2019examiner en d\u00e9tail les modifications techniques propos\u00e9es;<\/li>\n<li>obtenir des commentaires concernant chaque modification technique propos\u00e9e afin de d\u00e9terminer si elle doit \u00eatre approuv\u00e9e, r\u00e9vis\u00e9e ou rejet\u00e9e; et<\/li>\n<li>obtenir des commentaires concernant les mises \u00e0 jour des documents incorpor\u00e9s par renvoi dans les codes mod\u00e8les nationaux.<\/li>\n<\/ul>\n<p>L\u2019examen public pris fin \u00e0 <strong>23 h 59 (HNP) le 19 d\u00e9cembre 2024. Aucun commentaire n&rsquo;est accept\u00e9 apr\u00e8s cette date<\/strong>.<\/p>\n<p>Le r\u00e9sultat du processus d\u2019examen public est une s\u00e9rie de commentaires portant sur les modifications propos\u00e9es aux codes. Les commentaires sont tri\u00e9s et analys\u00e9s par le personnel de Codes Canada qui conna\u00eet bien la t\u00e2che d\u2019\u00e9laboration de modifications propos\u00e9es. Le personnel r\u00e9dige ensuite une \u00e9bauche de r\u00e9solution pour chaque commentaire. Les \u00e9bauches de r\u00e9solution sont valid\u00e9es par les comit\u00e9s d\u2019\u00e9laboration des codes responsables, qui formulent les recommandations au CCHCC.<\/p>\n<p>Les recommandations pourraient \u00eatre l\u2019une des suivantes :<\/p>\n<ul>\n<li>approuver la publication de la modification propos\u00e9e aux codes;<\/li>\n<li>la r\u00e9viser avant la publication;<\/li>\n<li>reporter la publication en attendant une \u00e9laboration plus approfondie, sous r\u00e9serve d\u2019un examen public ult\u00e9rieur; ou<\/li>\n<li>retirer la modification propos\u00e9e aux codes.<\/li>\n<\/ul>\n<p>Le CCHCC d\u00e9cide quelles modifications seront publi\u00e9es dans la prochaine \u00e9dition des codes mod\u00e8les nationaux en fonction des recommandations des comit\u00e9s d\u2019\u00e9laboration des codes.<\/p>\n\n<style id=\"ea_dynamic_css6577\">#sp-ea-6577 .spcollapsing{height: 0; overflow: hidden; transition-property: height; transition-duration: 300ms;}#sp-ea-6577.sp-easy-accordion>.sp-ea-single.eap_inactive>.ea-header a {background-color: #bb0000 !important; color: #fff !important;}#sp-ea-6577.sp-easy-accordion>.sp-ea-single{ margin-bottom: 10px; border: 1px solid #e2e2e2; border-radius: 3px;}#sp-ea-6577.sp-easy-accordion>.sp-ea-single.ea-expand{ border-color: #e2e2e2;}#sp-ea-6577.sp-easy-accordion>.sp-ea-single:hover{ border-color: #e2e2e2;}#sp-ea-6577.sp-easy-accordion>.sp-ea-single>.ea-header a {background: #ffffff;}#sp-ea-6577.sp-easy-accordion>.sp-ea-single.ea-expand>.ea-header a {background: #eeeeee;}#sp-ea-6577.sp-easy-accordion>.sp-ea-single>.ea-header:hover a {background: #ffffff;}#sp-ea-6577.sp-easy-accordion>.sp-ea-single>.ea-header a .eap-title-icon { color: #444;font-size: 20px;} #sp-ea-6577.sp-easy-accordion>.sp-ea-single>.ea-header a .eap-title-custom-icon {max-width: 20px;}#sp-ea-6577.sp-easy-accordion>.sp-ea-single>.ea-header:hover a .eap-title-icon {color: #444;}#sp-ea-6577.sp-easy-accordion>.sp-ea-single.ea-expand>.ea-header a .eap-title-icon {color: #444;}#sp-ea-6577.sp-easy-accordion>.sp-ea-single>.ea-header a {padding: 15px 15px 15px 15px; color: #172f4c; font-size: 22px; line-height: 30px; text-align: left; letter-spacing: 0px; text-transform: none;}#sp-ea-6577.sp-easy-accordion>.sp-ea-single>.ea-header:hover a {color: #172f4c;}#sp-ea-6577.sp-easy-accordion>.sp-ea-single.ea-expand>.ea-header a {color: #172f4c;}#sp-ea-6577.sp-easy-accordion>.sp-ea-single>.sp-collapse>.ea-body p,#sp-ea-6577.sp-easy-accordion>.sp-ea-single>.sp-collapse>.ea-body{background: #fff; padding: 15px 15px 15px 15px; border-radius: 0 0 3px 3px; color: #172f4c; font-size: 20px; text-align: left; letter-spacing: 0px; line-height: 28px; animation-delay: 200ms; text-transform: none;}#sp-ea-6577.sp-easy-accordion>.sp-ea-single>.ea-header a .ea-expand-icon.fa:before {color: #000000; font-size: 16px; font-style: normal;}#sp-ea-6577.sp-easy-accordion>.sp-ea-single>.ea-header:hover a .ea-expand-icon.fa:before {color: #000000;}#sp-ea-6577.sp-easy-accordion>.sp-ea-single.ea-expand>.ea-header a .ea-expand-icon.fa:before {color: #000000;}#sp-ea-6577.sp-easy-accordion>.sp-ea-single{border-radius: 3px; border: 1px solid #e2e2e2;}#sp-ea-6577.sp-easy-accordion>.sp-ea-single>.sp-collapse>.ea-body{border-radius: 0 0 3px 3px; border: none;}#sp-ea-6577.sp-easy-accordion>.sp-ea-single>.ea-header a .ea-expand-icon.fa {float: left; margin-right: 15px;}#sp-ea-6577 #eap_faq_search_bar_container {display:none; opacity:0;}#sp-ea-6577 #eap_faq_search_bar_container span::before{content:\"\";}#sp-ea-6577.sp-easy-accordion>.sp-ea-single>.sp-collapse>.ea-body p{ padding:0px}#sp-eap-accordion-section-6577 .sp-eap-pagination-number a.sp-eap-page-numbers {color: #172f4c;border-color: #bbbbbb;background: #ffffff;}#sp-eap-accordion-section-6577 .sp-eap-pagination-number a.sp-eap-page-numbers.active {color: #ffffff;border-color: #FE7C4D;background: #FE7C4D;}#sp-eap-accordion-section-6577 .sp-eap-pagination-number a.sp-eap-page-numbers:hover {color: #ffffff;border-color: #FE7C4D;background: #FE7C4D;}#sp-eap-accordion-section-6577 .sp-eap-load-more button {color: #172f4c;border-color: #bbbbbb;background: #ffffff;}#sp-eap-accordion-section-6577 .sp-eap-load-more button:hover {color: #ffffff;border-color: #FE7C4D;background: #FE7C4D;}#sp-eap-accordion-section-6577.sp-eap-container .sp-eap-infinite-scroll-loader,#sp-eap-accordion-section-6577.sp-eap-container div:is(.sp-eap-load-more,.sp-eap-ajax-number-pagination){text-align:center;}#sp-ea-6577>.sp-ea-single>.sp-collapse>.ea-body .eap-product-price {color: #444;}#sp-ea-6577.sp-easy-accordion>.sp-ea-single>.sp-collapse>.ea-body .eap-product-price del{color: rgba(68,68,68,0.71);}#sp-ea-6577.sp-easy-accordion>.sp-ea-single>.sp-collapse>.ea-body .eap-product-cart-button .woocommerce a { border: 1px solid #DAD6DA;border-radius: 2px;background-color: transparent;color: #444;}#sp-ea-6577.sp-easy-accordion>.sp-ea-single>.sp-collapse>.ea-body .eap-product-cart-button .woocommerce a:hover { border-color: #444;background-color: #444;color: #fff;}#sp-ea-6577.sp-easy-accordion>.sp-ea-single>>.sp-collapse>.ea-body .eap-product-cart-button .eap-product-quantity .eap_input_text {border: 1px solid #DAD6DA;}#sp-ea-6577.sp-easy-accordion>.sp-ea-single>.sp-collapse>.ea-body .eap-product-cart-button a.add_to_cart_button{position: relative;}<\/style><div id=\"sp-eap-accordion-section-6577\" class=\"sp-eap-container\"><div id=\"sp-ea-6577\" class=\"sp-ea-one sp-easy-accordion \" data-ex-icon=\"fa-caret-right\" data-col-icon=\"fa-caret-down\" data-ea-active=\"ea-click\" data-ea-mode=\"vertical\" data-ea-multi-column=\"\" data-ea-coll=\"\" data-keep-accordion=\"\" data-autoclose=\"\" data-preloader=\"\" data-scroll-active-item=\"\" data-offset-to-scroll=\"0\" data-autoplaytime=\"3000\" data-expand=\"\" data-post-id=\"6577\" >\t<div class=\"ea-card  sp-ea-single\"  data-accordion-id= \"0\">\n\n\t\t<h2 class=\"ea-header\">\n\t\t\t<a class=\"collapsed\" data-sptoggle=\"spcollapse\" rel=\"nofollow\" data-sptarget=\"#collapse65770\" href=\"#\" data-title=\"efaq-resume-des-principales-modifications-proposees\" aria-expanded=\"false\">\n\t\t\t\t<i class=\"ea-expand-icon fa fa-caret-down\"><\/i>  R\u00e9sum\u00e9 des principales modifications propos\u00e9es\t\t\t<\/a>\n\t\t<\/h2>\n\n\t\t<div class=\"sp-collapse spcollapse spcollapse\" id=\"collapse65770\" data-parent=\"#sp-ea-6577\">\n\t\t<div class=\"ea-body\"> \n<div class=\"ea-content-wrapper \"> \n\t<h2>Code national du b\u00e2timent \u2013 Canada (CNB)<\/h2>\n<h3>\u00c9missions de gaz \u00e0 effet de serre op\u00e9rationnelles (partie 9)<\/h3>\n<p>Introduit des exigences prescriptives afin de r\u00e9duire les \u00e9missions de gaz \u00e0 effet de serre op\u00e9rationnelles, d\u00e9termin\u00e9es au moment de la conception, r\u00e9sultant de l\u2019alimentation en \u00e9nergie et de la consommation \u00e9nerg\u00e9tique d\u2019un b\u00e2timent vis\u00e9 par la partie 9.<\/p>\n<h3>Protection des ouvertures brutes des appuis de fen\u00eatres et des seuils de portes contre les pr\u00e9cipitations (partie 9)<\/h3>\n<p>Clarifie les exigences de protection des ouvertures brutes des appuis de fen\u00eatres et des seuils de portes contre les pr\u00e9cipitations afin de mieux les harmoniser avec les principes scientifiques et les normes de construction reconnus.<\/p>\n<h3>Caract\u00e9ristiques thermiques du fen\u00eatrage et des portes (partie 9)<\/h3>\n<p>Fixe une limite au coefficient de gain solaire maximal pour le fen\u00eatrage et les portes bas\u00e9e sur le rapport entre l\u2019aire du fen\u00eatrage et des portes et l\u2019aire brute des murs (FDWR) et sur la zone climatique de l\u2019emplacement du b\u00e2timent.<\/p>\n<h2>Code national de l\u2019\u00e9nergie pour les b\u00e2timents \u2013 Canada (CN\u00c9B)<\/h2>\n<h3>Exigences relatives aux logiciels de mod\u00e9lisation \u00e9nerg\u00e9tique (parties 3 et 8, et partie 2 de la division C)<\/h3>\n<p>Introduit des exigences relatives aux logiciels de mod\u00e9lisation \u00e9nerg\u00e9tique utilis\u00e9s pour d\u00e9montrer la conformit\u00e9 au CN\u00c9B afin de respecter les crit\u00e8res d\u2019acceptation de la norme ASHRAE 140-2023, \u00ab Method of Test for Evaluating Building Performance Simulation Software \u00bb. Introduit \u00e9galement des m\u00e9thodes de calcul exceptionnelles et des exigences de documentation connexes pour les composants du b\u00e2timent qui ne peuvent pas \u00eatre mod\u00e9lis\u00e9s \u00e0 l\u2019aide d\u2019un logiciel.<\/p>\n<h2>Code national de pr\u00e9vention des incendies \u2013 Canada (CNPI)<\/h2>\n<h3>R\u00e9vision des exigences relatives \u00e0 la protection des b\u00e2timents de construction en bois d\u2019\u0153uvre massif encapsul\u00e9 (CBOME) (parties 2 et 5)<\/h3>\n<p>R\u00e9vise les exigences minimales et les exceptions relatives \u00e0 l\u2019encapsulation d\u2019\u00e9l\u00e9ments en bois d\u2019\u0153uvre massif afin de fournir des options suppl\u00e9mentaires pour la protection contre l\u2019incendie des b\u00e2timents de CBOME pendant la construction et de maintenir l\u2019harmonisation avec le CNB. Introduit \u00e9galement des mesures visant \u00e0 r\u00e9duire le risque de propagation du feu d\u2019un \u00e9tage \u00e0 l\u2019autre ainsi que d\u2019autres aspects pratiques li\u00e9s aux plans de s\u00e9curit\u00e9 incendie pendant la construction.<\/p>\n<h2>Tous les codes mod\u00e8les nationaux<\/h2>\n<h3>Mises \u00e0 jour des documents incorpor\u00e9s par renvoi<\/h3>\n<p>Met \u00e0 jour certains documents incorpor\u00e9s par renvoi dans les codes mod\u00e8les nationaux.<\/p>\n<p><a href=\"\/fr\/mises-a-jour-des-documents-incorpores-par-renvoi\/\">Description des mises \u00e0 jour des documents incorpor\u00e9s par renvoi<\/a>.<\/p>\n<\/div>\n<\/div>\n\t\t\t<\/div>\n\t<\/div>\n\t<\/div><\/div>\n\n\n<h2 class=\"wp-block-heading-pr wp-block-heading\" style=\"margin-bottom: 35px !important;\">Les formulaires de modification propos\u00e9e sont rassembl\u00e9s dans un document PDF.<\/h2>\n\n\n<p><a href=\"\/fra\/examen-public\/2024_3\/2024_3-modifications-propos\u00e9es-au-cnb-cn\u00e9b-cnpi-cnp-fichier-combin\u00e9-2024-10-16.pdf\">Automne 2024 : Modifications propos\u00e9es au CNB 2020, au CNPI 2020, au CN\u00c9B 2020 et au CNP 2020 \u2013 fichier combin\u00e9<\/a> (PDF \u2013 6,109 Ko)<\/p>\n\n\n\n<p><a href=\"\/fra\/examen-public\/2024_3\/2024_3-documents-justificatifs-des-modifications-propos\u00e9es-au-cnb-cn\u00e9b-cnpi-cnp-fichier-combin\u00e9-2024-10-16.pdf\">Automne 2024 : Modifications propos\u00e9es au CNB 2020, au CNPI 2020, au CN\u00c9B 2020 et au CNP 2020 \u2013 documents justificatifs<\/a> (PDF \u2013 746 Ko)<\/p>\n","protected":false},"excerpt":{"rendered":"<p>Le pr\u00e9sent examen public national s&rsquo;est d\u00e9roul\u00e9 du 21 octobre au 19 d\u00e9cembre 2024. Le Comit\u00e9 canadien de l\u2019harmonisation des codes de construction (CCHCC) a invit\u00e9 les utilisateurs des codes, la communaut\u00e9 des codes en g\u00e9n\u00e9ral et le public \u00e0 participer \u00e0 l\u2019examen public de l\u2019automne 2024 portant sur des modifications propos\u00e9es aux \u00e9ditions de 2020 des codes mod\u00e8les nationaux. Les modifications propos\u00e9es soumises au pr\u00e9sent examen public visaient les sujets suivants du Code national du b\u00e2timent \u2013 Canada, du Code national de pr\u00e9vention des incendies \u2013 Canada, du Code national de l\u2019\u00e9nergie pour les b\u00e2timents \u2013 Canada et du Code national de la plomberie \u2013 Canada : Code national du b\u00e2timent \u2013 Canada Fen\u00eatrage Enveloppe du b\u00e2timent \u00c9missions de gaz \u00e0 effet de serre Mises \u00e0 jour des documents incorpor\u00e9s par renvoi Code national de l&rsquo;\u00e9nergie pour les b\u00e2timents \u2013 Canada Conformit\u00e9 par la m\u00e9thode de performance \u2013 exigences relatives aux logiciels de mod\u00e9lisation \u00e9nerg\u00e9tique Conformit\u00e9 par la m\u00e9thode<\/p>\n","protected":false},"author":2,"featured_media":0,"parent":0,"menu_order":0,"comment_status":"closed","ping_status":"closed","template":"","meta":{"rs_blank_template":"","rs_page_bg_color":"","slide_template_v7":"","footnotes":""},"class_list":["post-6590","page","type-page","status-publish","hentry"],"_links":{"self":[{"href":"https:\/\/cbhcc-cchcc.ca\/fr\/wp-json\/wp\/v2\/pages\/6590","targetHints":{"allow":["GET"]}}],"collection":[{"href":"https:\/\/cbhcc-cchcc.ca\/fr\/wp-json\/wp\/v2\/pages"}],"about":[{"href":"https:\/\/cbhcc-cchcc.ca\/fr\/wp-json\/wp\/v2\/types\/page"}],"author":[{"embeddable":true,"href":"https:\/\/cbhcc-cchcc.ca\/fr\/wp-json\/wp\/v2\/users\/2"}],"replies":[{"embeddable":true,"href":"https:\/\/cbhcc-cchcc.ca\/fr\/wp-json\/wp\/v2\/comments?post=6590"}],"version-history":[{"count":3,"href":"https:\/\/cbhcc-cchcc.ca\/fr\/wp-json\/wp\/v2\/pages\/6590\/revisions"}],"predecessor-version":[{"id":6700,"href":"https:\/\/cbhcc-cchcc.ca\/fr\/wp-json\/wp\/v2\/pages\/6590\/revisions\/6700"}],"wp:attachment":[{"href":"https:\/\/cbhcc-cchcc.ca\/fr\/wp-json\/wp\/v2\/media?parent=6590"}],"curies":[{"name":"wp","href":"https:\/\/api.w.org\/{rel}","templated":true}]}}