{"id":5127,"date":"2023-10-11T12:47:12","date_gmt":"2023-10-11T16:47:12","guid":{"rendered":"https:\/\/cbhcc-cchcc.ca\/?page_id=5127"},"modified":"2025-01-20T10:26:04","modified_gmt":"2025-01-20T15:26:04","slug":"directives-sur-la-facon-de-soumettre-un-commentaire","status":"publish","type":"page","link":"https:\/\/cbhcc-cchcc.ca\/fr\/directives-sur-la-facon-de-soumettre-un-commentaire\/","title":{"rendered":"Directives sur la fa\u00e7on de soumettre un commentaire"},"content":{"rendered":"<ol>\n<li>Acc\u00e9dez au formulaire de commentaires \u00e0 partir du site Web de l\u2019examen public en cliquant sur le lien \u00ab Soumettre un commentaire \u00bb qui se situe au d\u00e9but de chaque modification propos\u00e9e (page Web ou fichier PDF).<\/li>\n<li>Chaque formulaire de commentaires soumis doit inclure :\n<ul>\n<li>votre nom;<\/li>\n<li>votre adresse courriel; et<\/li>\n<li>votre r\u00e9gion.<\/li>\n<\/ul>\n<\/li>\n<li>Vous devez soumettre un seul formulaire de commentaires par modification propos\u00e9e. Si vous soumettez des commentaires pour plusieurs modifications propos\u00e9es, utilisez le formulaire de commentaires associ\u00e9 \u00e0 chacune des modifications propos\u00e9es.<\/li>\n<li>Les commentaires doivent \u00eatre soumis <strong>au plus tard \u00e0 23 h 59 HNP, le 24 f\u00e9vrier 2025. Seuls les formulaires de commentaires soumis en ligne sont accept\u00e9s<\/strong>.<strong> Seuls les formulaires de commentaires soumis en ligne sont accept\u00e9s.<\/strong><\/li>\n<li>Les documents compl\u00e9mentaires envoy\u00e9s par courriel \u00e0 <u><a href=\"mailto:Codes.examenpublic@cnrc-nrc.gc.ca\">Codes.examenpublic@cnrc-nrc.gc.ca<\/a><\/u> (format PDF seulement) ou <u><a href=\"https:\/\/cbhcc-cchcc.ca\/fr\/nous-joindre\/\">par la poste<\/a><\/u> doivent inclure votre nom, votre adresse courriel et le num\u00e9ro de demande aux fins de suivi.<\/li>\n<li>En envoyant un formulaire de commentaires et des pi\u00e8ces jointes, vous autorisez par le fait m\u00eame la diffusion de l\u2019information soumise, y compris votre nom, votre r\u00e9gion et votre affiliation (si d\u00e9clar\u00e9e), aux membres des comit\u00e9s d\u2019\u00e9laboration des codes et son stockage dans les dossiers du gouvernement f\u00e9d\u00e9ral.<\/li>\n<li>Si vous \u00e9prouvez des difficult\u00e9s techniques \u00e0 acc\u00e9der aux modifications propos\u00e9es ou \u00e0 utiliser le formulaire, veuillez communiquer avec le <u><a href=\"mailto:Codes-TechSupport-SupportTechnique@nrc-cnrc.gc.ca\">webmestre<\/a><\/u>.<\/li>\n<\/ol>\n","protected":false},"excerpt":{"rendered":"<p>Acc\u00e9dez au formulaire de commentaires \u00e0 partir du site Web de l\u2019examen public en cliquant sur le lien \u00ab Soumettre un commentaire \u00bb qui se situe au d\u00e9but de chaque modification propos\u00e9e (page Web ou fichier PDF). Chaque formulaire de commentaires soumis doit inclure : votre nom; votre adresse courriel; et votre r\u00e9gion. Vous devez soumettre un seul formulaire de commentaires par modification propos\u00e9e. Si vous soumettez des commentaires pour plusieurs modifications propos\u00e9es, utilisez le formulaire de commentaires associ\u00e9 \u00e0 chacune des modifications propos\u00e9es. Les commentaires doivent \u00eatre soumis au plus tard \u00e0 23 h 59 HNP, le 24 f\u00e9vrier 2025. Seuls les formulaires de commentaires soumis en ligne sont accept\u00e9s. Seuls les formulaires de commentaires soumis en ligne sont accept\u00e9s. Les documents compl\u00e9mentaires envoy\u00e9s par courriel \u00e0 Codes.examenpublic@cnrc-nrc.gc.ca (format PDF seulement) ou par la poste doivent inclure votre nom, votre adresse courriel et le num\u00e9ro de demande aux fins de suivi. En envoyant un formulaire de commentaires et des<\/p>\n","protected":false},"author":2,"featured_media":0,"parent":0,"menu_order":0,"comment_status":"closed","ping_status":"closed","template":"","meta":{"rs_blank_template":"","rs_page_bg_color":"","slide_template_v7":"","footnotes":""},"class_list":["post-5127","page","type-page","status-publish","hentry"],"_links":{"self":[{"href":"https:\/\/cbhcc-cchcc.ca\/fr\/wp-json\/wp\/v2\/pages\/5127","targetHints":{"allow":["GET"]}}],"collection":[{"href":"https:\/\/cbhcc-cchcc.ca\/fr\/wp-json\/wp\/v2\/pages"}],"about":[{"href":"https:\/\/cbhcc-cchcc.ca\/fr\/wp-json\/wp\/v2\/types\/page"}],"author":[{"embeddable":true,"href":"https:\/\/cbhcc-cchcc.ca\/fr\/wp-json\/wp\/v2\/users\/2"}],"replies":[{"embeddable":true,"href":"https:\/\/cbhcc-cchcc.ca\/fr\/wp-json\/wp\/v2\/comments?post=5127"}],"version-history":[{"count":8,"href":"https:\/\/cbhcc-cchcc.ca\/fr\/wp-json\/wp\/v2\/pages\/5127\/revisions"}],"predecessor-version":[{"id":6742,"href":"https:\/\/cbhcc-cchcc.ca\/fr\/wp-json\/wp\/v2\/pages\/5127\/revisions\/6742"}],"wp:attachment":[{"href":"https:\/\/cbhcc-cchcc.ca\/fr\/wp-json\/wp\/v2\/media?parent=5127"}],"curies":[{"name":"wp","href":"https:\/\/api.w.org\/{rel}","templated":true}]}}