{"id":5099,"date":"2023-10-10T16:37:47","date_gmt":"2023-10-10T20:37:47","guid":{"rendered":"https:\/\/cbhcc-cchcc.ca\/?page_id=5099"},"modified":"2025-02-25T09:12:47","modified_gmt":"2025-02-25T14:12:47","slug":"soumettre-un-commentaire-sur-une-modification-proposee-examen-public","status":"publish","type":"page","link":"https:\/\/cbhcc-cchcc.ca\/fr\/soumettre-un-commentaire-sur-une-modification-proposee-examen-public\/","title":{"rendered":"Soumettre un commentaire sur une modification propos\u00e9e"},"content":{"rendered":"<section class=\"alert alert-info\">\r\n<div class=\"pr-info\">\r\n<p class=\"info\"><strong>Le prochain examen public national est pr\u00e9vu pour le printemps 2026.<\/strong><\/p>\r\n<\/div>\t\t\r\n<\/section>\n\n\n<p>Veuillez soumettre tout document justificatif sous pli s\u00e9par\u00e9, en ayant soin d\u2019indiquer votre nom, votre adresse courriel et le num\u00e9ro de demande fourni. Vous pouvez envoyer ces documents en format PDF par courriel \u00e0 <strong><a href=\"mailto:Codes.examenpublic@cnrc-nrc.gc.ca\">Codes.examenpublic@cnrc-nrc.gc.ca<\/a><\/strong>. Vous pouvez \u00e9galement les envoyer par la poste \u00e0 l\u2019adresse suivante :<\/p>\n<p><strong>Comit\u00e9 canadien de l\u2019harmonisation des codes de construction<\/strong><br \/>1200, chemin Montr\u00e9al, \u00e9difice M-20<br \/>Ottawa, Ontario K1A 0R6<\/p>","protected":false},"excerpt":{"rendered":"<p>Veuillez soumettre tout document justificatif sous pli s\u00e9par\u00e9, en ayant soin d\u2019indiquer votre nom, votre adresse courriel et le num\u00e9ro de demande fourni. Vous pouvez envoyer ces documents en format PDF par courriel \u00e0 Codes.examenpublic@cnrc-nrc.gc.ca. Vous pouvez \u00e9galement les envoyer par la poste \u00e0 l\u2019adresse suivante : Comit\u00e9 canadien de l\u2019harmonisation des codes de construction1200, chemin Montr\u00e9al, \u00e9difice M-20Ottawa, Ontario K1A 0R6<\/p>\n","protected":false},"author":2,"featured_media":0,"parent":0,"menu_order":0,"comment_status":"closed","ping_status":"closed","template":"","meta":{"rs_blank_template":"","rs_page_bg_color":"","slide_template_v7":"","footnotes":""},"class_list":["post-5099","page","type-page","status-publish","hentry"],"_links":{"self":[{"href":"https:\/\/cbhcc-cchcc.ca\/fr\/wp-json\/wp\/v2\/pages\/5099","targetHints":{"allow":["GET"]}}],"collection":[{"href":"https:\/\/cbhcc-cchcc.ca\/fr\/wp-json\/wp\/v2\/pages"}],"about":[{"href":"https:\/\/cbhcc-cchcc.ca\/fr\/wp-json\/wp\/v2\/types\/page"}],"author":[{"embeddable":true,"href":"https:\/\/cbhcc-cchcc.ca\/fr\/wp-json\/wp\/v2\/users\/2"}],"replies":[{"embeddable":true,"href":"https:\/\/cbhcc-cchcc.ca\/fr\/wp-json\/wp\/v2\/comments?post=5099"}],"version-history":[{"count":20,"href":"https:\/\/cbhcc-cchcc.ca\/fr\/wp-json\/wp\/v2\/pages\/5099\/revisions"}],"predecessor-version":[{"id":6879,"href":"https:\/\/cbhcc-cchcc.ca\/fr\/wp-json\/wp\/v2\/pages\/5099\/revisions\/6879"}],"wp:attachment":[{"href":"https:\/\/cbhcc-cchcc.ca\/fr\/wp-json\/wp\/v2\/media?parent=5099"}],"curies":[{"name":"wp","href":"https:\/\/api.w.org\/{rel}","templated":true}]}}