{"id":3910,"date":"2023-08-19T12:14:00","date_gmt":"2023-08-19T16:14:00","guid":{"rendered":"https:\/\/cbhcc-cchcc.ca\/?page_id=3910"},"modified":"2023-08-19T16:55:23","modified_gmt":"2023-08-19T20:55:23","slug":"archive-examen-public-des-modifications-proposees-aux-codes-modeles-nationaux-2006","status":"publish","type":"page","link":"https:\/\/cbhcc-cchcc.ca\/fr\/archive-examen-public-des-modifications-proposees-aux-codes-modeles-nationaux-2006\/","title":{"rendered":"Archiv\u00e9 &#8211; Examen public des modifications propos\u00e9es aux codes mod\u00e8les nationaux \u2014 2006"},"content":{"rendered":"<section class=\"alert alert-closing\"><span class=\"dashicons dashicons-warning\"><\/span><h2 class=\"info\"> Important<\/h2><p>Cet examen public est maintenant termin\u00e9.<br \/>Aller \u00e0 la <a href=\"\/fr\/simpliquer\/#s4\" class=\"alert-link\"><strong>page d'accueil des examens publics<\/strong><\/a>.<\/p><\/section>\n<p>Un examen public national a eu lieu le <strong>1<sup>er<\/sup> mai au 30 juin 2006<\/strong> au sujet des modifications techniques intercycles propos\u00e9es suivantes\u00a0:<\/p>\n<ul>\n<li>Stockage et distribution de l&rsquo;eau chaude aux appareils sanitaires<\/li>\n<li>Normes ASME\/CSA sur la robinetterie<\/li>\n<li>Norme ASTM-E 2190 sur le verre isolant<\/li>\n<\/ul>\n<p>Les modifications intercycles propos\u00e9es visent les codes mod\u00e8les nationaux suivants\u00a0:<\/p>\n<ul>\n<li>le Code national du b\u00e2timent &#8211; Canada 2005; et<\/li>\n<li>le Code national de la plomberie &#8211; Canada 2005.<\/li>\n<\/ul>\n<p>Cet examen public vise \u00e0\u00a0:<\/p>\n<ul>\n<li>permettre aux utilisateurs des codes et aux parties int\u00e9ress\u00e9es d&rsquo;examiner en d\u00e9tails les modifications intercycles propos\u00e9es; et<\/li>\n<li>obtenir des commentaires concernant chaque modification intercycles propos\u00e9e afin de d\u00e9terminer si elles doivent \u00eatre approuv\u00e9es, r\u00e9vis\u00e9es ou rejet\u00e9es.<\/li>\n<\/ul>\n<p>L&rsquo;examen public a pris fin le 30 juin 2006. Aucun commentaire ne sera accept\u00e9 apr\u00e8s cette date. Les comit\u00e9s permanents appropri\u00e9s de la CCCBPI examineront chaque commentaire soumis jusqu&rsquo;\u00e0 cette date. Ils recommanderont alors le retrait des modifications intercycles, une \u00e9tude plus approfondie en vue de leur soumission ult\u00e9rieure comme modifications propos\u00e9es, ou leur approbation, avec ou sans changements. Les modifications techniques approuv\u00e9es par la CCCBPI seront publi\u00e9es en tant que modifications intercycles au Code national du b\u00e2timent ou au Code national de la plomberie de 2005.<\/p>\n<style id=\"ea_dynamic_css4026\">#sp-ea-4026 .spcollapsing{height: 0; overflow: hidden; transition-property: height; transition-duration: 500ms;}#sp-ea-4026.sp-easy-accordion>.sp-ea-single.eap_inactive>.ea-header a {background-color: #bb0000 !important; color: #fff !important;}#sp-ea-4026.sp-easy-accordion>.sp-ea-single{ margin-bottom: 10px; border: 1px solid #e2e2e2; border-radius: 3px;}#sp-ea-4026.sp-easy-accordion>.sp-ea-single.ea-expand{ border-color: #e2e2e2;}#sp-ea-4026.sp-easy-accordion>.sp-ea-single:hover{ border-color: #e2e2e2;}#sp-ea-4026.sp-easy-accordion>.sp-ea-single>.ea-header a {background: #ffffff;}#sp-ea-4026.sp-easy-accordion>.sp-ea-single.ea-expand>.ea-header a {background: #eee;}#sp-ea-4026.sp-easy-accordion>.sp-ea-single>.ea-header:hover a {background: #ffffff;}#sp-ea-4026.sp-easy-accordion>.sp-ea-single>.ea-header a .eap-title-icon { color: #444;font-size: 20px;} #sp-ea-4026.sp-easy-accordion>.sp-ea-single>.ea-header a .eap-title-custom-icon {max-width: 20px;}#sp-ea-4026.sp-easy-accordion>.sp-ea-single>.ea-header:hover a .eap-title-icon {color: #444;}#sp-ea-4026.sp-easy-accordion>.sp-ea-single.ea-expand>.ea-header a .eap-title-icon {color: #444;}#sp-ea-4026.sp-easy-accordion>.sp-ea-single>.ea-header a {padding: 15px 15px 15px 15px; color: #444; font-size: 20px; line-height: 30px; text-align: left; letter-spacing: 0px; text-transform: none;}#sp-ea-4026.sp-easy-accordion>.sp-ea-single>.ea-header:hover a {color: #444;}#sp-ea-4026.sp-easy-accordion>.sp-ea-single.ea-expand>.ea-header a {color: #444;}#sp-ea-4026.sp-easy-accordion>.sp-ea-single>.sp-collapse>.ea-body p,#sp-ea-4026.sp-easy-accordion>.sp-ea-single>.sp-collapse>.ea-body{background: #fff; padding: 15px 15px 15px 15px; border-radius: 0 0 3px 3px; color: #444; font-size: 16px; text-align: left; letter-spacing: 0px; line-height: 26px; animation-delay: 200ms; text-transform: none;}#sp-ea-4026.sp-easy-accordion>.sp-ea-single>.ea-header a .ea-expand-icon.fa:before {color: #444; font-size: 16px; font-style: normal;}#sp-ea-4026.sp-easy-accordion>.sp-ea-single>.ea-header:hover a .ea-expand-icon.fa:before {color: #444;}#sp-ea-4026.sp-easy-accordion>.sp-ea-single.ea-expand>.ea-header a .ea-expand-icon.fa:before {color: #444;}#sp-ea-4026.sp-easy-accordion>.sp-ea-single{border-radius: 3px; border: 1px solid #e2e2e2;}#sp-ea-4026.sp-easy-accordion>.sp-ea-single>.sp-collapse>.ea-body{border-radius: 0 0 3px 3px; border: none;}#sp-ea-4026.sp-easy-accordion>.sp-ea-single>.ea-header a .ea-expand-icon.fa {float: left; margin-right: 10px;}#sp-ea-4026 #eap_faq_search_bar_container {display:none; opacity:0;}#sp-ea-4026 #eap_faq_search_bar_container span::before{content:\"\";}#sp-ea-4026.sp-easy-accordion>.sp-ea-single>.sp-collapse>.ea-body p{ padding:0px}#sp-ea-4026>.sp-ea-single>.sp-collapse>.ea-body .eap-product-price {color: #444;}#sp-ea-4026.sp-easy-accordion>.sp-ea-single>.sp-collapse>.ea-body .eap-product-price del{color: rgba(68,68,68,0.71);}#sp-ea-4026.sp-easy-accordion>.sp-ea-single>.sp-collapse>.ea-body .eap-product-cart-button .woocommerce a { border: 1px solid #DAD6DA;border-radius: 2px;background-color: transparent;color: #444;}#sp-ea-4026.sp-easy-accordion>.sp-ea-single>.sp-collapse>.ea-body .eap-product-cart-button .woocommerce a:hover { border-color: #444;background-color: #444;color: #fff;}#sp-ea-4026.sp-easy-accordion>.sp-ea-single>>.sp-collapse>.ea-body .eap-product-cart-button .eap-product-quantity .eap_input_text {border: 1px solid #DAD6DA;}#sp-ea-4026.sp-easy-accordion>.sp-ea-single>.sp-collapse>.ea-body .eap-product-cart-button a.add_to_cart_button{position: relative;}<\/style><div id=\"sp-eap-accordion-section-4026\" class=\"sp-eap-container\"><div id=\"sp-ea-4026\" class=\"sp-ea-one sp-easy-accordion \" data-ex-icon=\"fa-caret-right\" data-col-icon=\"fa-caret-down\" data-ea-active=\"ea-click\" data-ea-mode=\"vertical\" data-ea-multi-column=\"\" data-ea-coll=\"\" data-keep-accordion=\"\" data-autoclose=\"\" data-preloader=\"\" data-scroll-active-item=\"\" data-offset-to-scroll=\"0\" data-autoplaytime=\"3000\" data-expand=\"\" data-post-id=\"4026\" >\t<div class=\"ea-card  sp-ea-single\"  data-accordion-id= \"0\">\n\n\t\t<h3 class=\"ea-header\">\n\t\t\t<a class=\"collapsed\" data-sptoggle=\"spcollapse\" rel=\"nofollow\" data-sptarget=\"#collapse40260\" href=\"#\" data-title=\"efaq-resume-des-modifications-proposees\" aria-expanded=\"false\">\n\t\t\t\t<i class=\"ea-expand-icon fa fa-caret-down\"><\/i>  R\u00e9sum\u00e9 des modifications propos\u00e9es\t\t\t<\/a>\n\t\t<\/h3>\n\n\t\t<div class=\"sp-collapse spcollapse spcollapse\" id=\"collapse40260\" data-parent=\"#sp-ea-4026\">\n\t\t<div class=\"ea-body\"> \n<div class=\"ea-content-wrapper animated normal\"> \n\t<h2>Modifications techniques intercycles propos\u00e9es<\/h2>\n<ul>\n<li><strong>Stockage et distribution de l'eau chaude aux appareils sanitaires<\/strong>\n<ul>\n<li>CNP 2005 - 02.02.10.07<\/li>\n<li>CNP 2005 - 02.02.10.7.(5)<\/li>\n<li>CNP 2005 - 02.06.01.01.(04)(05)<\/li>\n<li>CNP 2005 - 02.06.01.12<\/li>\n<li>CNP 2005 - A-02.02.10.07 &amp; A-02.06.01.12.(1)<\/li>\n<\/ul>\n<\/li>\n<\/ul>\n<ul>\n<li><strong>Normes ASME\/CSA sur la robinetterie<\/strong>\n<ul>\n<li>CNP 2005 - 02.02.03.03 &amp; 02.02.10.06 &amp; 02.02.10.07 &amp; 02.02.10.10<\/li>\n<li>CNP 2005 - A-02.06.01.11.(1)<\/li>\n<\/ul>\n<\/li>\n<\/ul>\n<ul>\n<li><strong>Norme ASTM E 2190 sur le verre isolant<\/strong>\n<ul>\n<li>CNB 2005 - 09.07.03.01.(01)<\/li>\n<\/ul>\n<\/li>\n<\/ul>\n<\/div>\n<\/div>\n\t\t\t<\/div>\n\t<\/div>\n\t<\/div><\/div>\n<p>Pour recevoir les modifications propos\u00e9es pour cette consultation publique, veuillez <a href=\"mailto:CCBFCSecretary-SecretaireCCCBPI@nrc-cnrc.gc.ca\">communiquer avec la Secr\u00e9taire de la CCCBPI<\/a>.<\/p>\n","protected":false},"excerpt":{"rendered":"<p>Un examen public national a eu lieu le 1er mai au 30 juin 2006 au sujet des modifications techniques intercycles propos\u00e9es suivantes\u00a0: Stockage et distribution de l&rsquo;eau chaude aux appareils sanitaires Normes ASME\/CSA sur la robinetterie Norme ASTM-E 2190 sur le verre isolant Les modifications intercycles propos\u00e9es visent les codes mod\u00e8les nationaux suivants\u00a0: le Code national du b\u00e2timent &#8211; Canada 2005; et le Code national de la plomberie &#8211; Canada 2005. Cet examen public vise \u00e0\u00a0: permettre aux utilisateurs des codes et aux parties int\u00e9ress\u00e9es d&rsquo;examiner en d\u00e9tails les modifications intercycles propos\u00e9es; et obtenir des commentaires concernant chaque modification intercycles propos\u00e9e afin de d\u00e9terminer si elles doivent \u00eatre approuv\u00e9es, r\u00e9vis\u00e9es ou rejet\u00e9es. L&rsquo;examen public a pris fin le 30 juin 2006. Aucun commentaire ne sera accept\u00e9 apr\u00e8s cette date. Les comit\u00e9s permanents appropri\u00e9s de la CCCBPI examineront chaque commentaire soumis jusqu&rsquo;\u00e0 cette date. Ils recommanderont alors le retrait des modifications intercycles, une \u00e9tude plus approfondie en vue de leur soumission<\/p>\n","protected":false},"author":2,"featured_media":0,"parent":0,"menu_order":0,"comment_status":"closed","ping_status":"closed","template":"","meta":{"rs_blank_template":"","rs_page_bg_color":"","slide_template_v7":"","footnotes":""},"class_list":["post-3910","page","type-page","status-publish","hentry"],"_links":{"self":[{"href":"https:\/\/cbhcc-cchcc.ca\/fr\/wp-json\/wp\/v2\/pages\/3910","targetHints":{"allow":["GET"]}}],"collection":[{"href":"https:\/\/cbhcc-cchcc.ca\/fr\/wp-json\/wp\/v2\/pages"}],"about":[{"href":"https:\/\/cbhcc-cchcc.ca\/fr\/wp-json\/wp\/v2\/types\/page"}],"author":[{"embeddable":true,"href":"https:\/\/cbhcc-cchcc.ca\/fr\/wp-json\/wp\/v2\/users\/2"}],"replies":[{"embeddable":true,"href":"https:\/\/cbhcc-cchcc.ca\/fr\/wp-json\/wp\/v2\/comments?post=3910"}],"version-history":[{"count":3,"href":"https:\/\/cbhcc-cchcc.ca\/fr\/wp-json\/wp\/v2\/pages\/3910\/revisions"}],"predecessor-version":[{"id":4092,"href":"https:\/\/cbhcc-cchcc.ca\/fr\/wp-json\/wp\/v2\/pages\/3910\/revisions\/4092"}],"wp:attachment":[{"href":"https:\/\/cbhcc-cchcc.ca\/fr\/wp-json\/wp\/v2\/media?parent=3910"}],"curies":[{"name":"wp","href":"https:\/\/api.w.org\/{rel}","templated":true}]}}