{"id":3860,"date":"2023-08-19T11:30:28","date_gmt":"2023-08-19T15:30:28","guid":{"rendered":"https:\/\/cbhcc-cchcc.ca\/?page_id=3860"},"modified":"2023-08-19T16:17:22","modified_gmt":"2023-08-19T20:17:22","slug":"archive-examen-public-des-modifications-proposees-aux-publications-de-codes-canada-automne-2017","status":"publish","type":"page","link":"https:\/\/cbhcc-cchcc.ca\/fr\/archive-examen-public-des-modifications-proposees-aux-publications-de-codes-canada-automne-2017\/","title":{"rendered":"Archiv\u00e9 &#8211; Examen public des modifications propos\u00e9es aux publications de Codes Canada &#8211; automne 2017"},"content":{"rendered":"<section class=\"alert alert-closing\"><span class=\"dashicons dashicons-warning\"><\/span><h2 class=\"info\"> Important<\/h2><p>Cet examen public est maintenant termin\u00e9.<br \/>Aller \u00e0 la <a href=\"\/fr\/simpliquer\/#s4\" class=\"alert-link\"><strong>page d'accueil des examens publics<\/strong><\/a>.<\/p><\/section>\n<p>La Commission canadienne des codes du b\u00e2timent et de pr\u00e9vention des incendies (CCCBPI) a invit\u00e9 les utilisateurs des codes et les parties int\u00e9ress\u00e9es \u00e0 participer \u00e0 l&rsquo;examen public de l&rsquo;automne 2017 portant sur les modifications propos\u00e9es aux publications suivantes\u00a0:<\/p>\n<ul>\n<li>Code national du b\u00e2timent &#8211; Canada 2015 (CNB)<\/li>\n<li>Code national de pr\u00e9vention des incendies &#8211; Canada 2015 (CNPI)<\/li>\n<li>Code national de la plomberie &#8211; Canada 2015 (CNP)<\/li>\n<\/ul>\n<p>Aucune modification n&rsquo;est propos\u00e9e au Code national de l&rsquo;\u00e9nergie pour les b\u00e2timents dans le cadre du pr\u00e9sent examen public \u00e9tant donn\u00e9 que la publication d&rsquo;une modification intercycle \u00e9tait pr\u00e9vue \u00e0 la fin de 2017.<\/p>\n<p>L&rsquo;examen public 2017 s&rsquo;est d\u00e9roul\u00e9 du <strong>6 novembre 2017 au 2 janvier 2018<\/strong>.<\/p>\n<p>Cet examen public a vis\u00e9 \u00e0\u00a0:<\/p>\n<ul>\n<li>permettre aux utilisateurs des codes et aux parties int\u00e9ress\u00e9es d&rsquo;examiner en d\u00e9tail les modifications propos\u00e9es; et<\/li>\n<li>obtenir des commentaires concernant chaque <strong>modification propos\u00e9e<\/strong> afin de d\u00e9terminer si elles doivent \u00eatre approuv\u00e9es, r\u00e9vis\u00e9es ou rejet\u00e9es.<\/li>\n<\/ul>\n<p>L&rsquo;examen public a pris fin \u00e0 16 h <abbr title=\"heure normal de l'Est\">HNE<\/abbr>, le 2 janvier 2018. Aucun commentaire ne sera accept\u00e9 apr\u00e8s cette date. Les comit\u00e9s appropri\u00e9s de la <abbr title=\"Commission canadienne des codes du b\u00e2timent et de pr\u00e9vention des incendies\">CCCBPI<\/abbr> examineront chaque commentaire soumis jusqu&rsquo;\u00e0 cette date. Ils recommanderont alors le retrait des modifications, une \u00e9tude plus approfondie en vue de leur soumission ult\u00e9rieure comme modifications propos\u00e9es, ou leur approbation par la <abbr title=\"Commission canadienne des codes du b\u00e2timent et de pr\u00e9vention des incendies\">CCCBPI<\/abbr>, avec ou sans changements. Sous r\u00e9serve de leur approbation par la <abbr title=\"Commission canadienne des codes du b\u00e2timent et de pr\u00e9vention des incendies\">CCCBPI<\/abbr>, les modifications techniques seront publi\u00e9es dans les \u00e9ditions de 2020 des publications de Codes Canada.<\/p>\n<style id=\"ea_dynamic_css4047\">#sp-ea-4047 .spcollapsing{height: 0; overflow: hidden; transition-property: height; transition-duration: 500ms;}#sp-ea-4047.sp-easy-accordion>.sp-ea-single.eap_inactive>.ea-header a {background-color: #bb0000 !important; color: #fff !important;}#sp-ea-4047.sp-easy-accordion>.sp-ea-single{ margin-bottom: 10px; border: 1px solid #e2e2e2; border-radius: 3px;}#sp-ea-4047.sp-easy-accordion>.sp-ea-single.ea-expand{ border-color: #e2e2e2;}#sp-ea-4047.sp-easy-accordion>.sp-ea-single:hover{ border-color: #e2e2e2;}#sp-ea-4047.sp-easy-accordion>.sp-ea-single>.ea-header a {background: #ffffff;}#sp-ea-4047.sp-easy-accordion>.sp-ea-single.ea-expand>.ea-header a {background: #eee;}#sp-ea-4047.sp-easy-accordion>.sp-ea-single>.ea-header:hover a {background: #ffffff;}#sp-ea-4047.sp-easy-accordion>.sp-ea-single>.ea-header a .eap-title-icon { color: #444;font-size: 20px;} #sp-ea-4047.sp-easy-accordion>.sp-ea-single>.ea-header a .eap-title-custom-icon {max-width: 20px;}#sp-ea-4047.sp-easy-accordion>.sp-ea-single>.ea-header:hover a .eap-title-icon {color: #444;}#sp-ea-4047.sp-easy-accordion>.sp-ea-single.ea-expand>.ea-header a .eap-title-icon {color: #444;}#sp-ea-4047.sp-easy-accordion>.sp-ea-single>.ea-header a {padding: 15px 15px 15px 15px; color: #444; font-size: 20px; line-height: 30px; text-align: left; letter-spacing: 0px; text-transform: none;}#sp-ea-4047.sp-easy-accordion>.sp-ea-single>.ea-header:hover a {color: #444;}#sp-ea-4047.sp-easy-accordion>.sp-ea-single.ea-expand>.ea-header a {color: #444;}#sp-ea-4047.sp-easy-accordion>.sp-ea-single>.sp-collapse>.ea-body p,#sp-ea-4047.sp-easy-accordion>.sp-ea-single>.sp-collapse>.ea-body{background: #fff; padding: 15px 15px 15px 15px; border-radius: 0 0 3px 3px; color: #444; font-size: 16px; text-align: left; letter-spacing: 0px; line-height: 26px; animation-delay: 200ms; text-transform: none;}#sp-ea-4047.sp-easy-accordion>.sp-ea-single>.ea-header a .ea-expand-icon.fa:before {color: #444; font-size: 16px; font-style: normal;}#sp-ea-4047.sp-easy-accordion>.sp-ea-single>.ea-header:hover a .ea-expand-icon.fa:before {color: #444;}#sp-ea-4047.sp-easy-accordion>.sp-ea-single.ea-expand>.ea-header a .ea-expand-icon.fa:before {color: #444;}#sp-ea-4047.sp-easy-accordion>.sp-ea-single{border-radius: 3px; border: 1px solid #e2e2e2;}#sp-ea-4047.sp-easy-accordion>.sp-ea-single>.sp-collapse>.ea-body{border-radius: 0 0 3px 3px; border: none;}#sp-ea-4047.sp-easy-accordion>.sp-ea-single>.ea-header a .ea-expand-icon.fa {float: left; margin-right: 10px;}#sp-ea-4047 #eap_faq_search_bar_container {display:none; opacity:0;}#sp-ea-4047 #eap_faq_search_bar_container span::before{content:\"\";}#sp-ea-4047.sp-easy-accordion>.sp-ea-single>.sp-collapse>.ea-body p{ padding:0px}#sp-ea-4047>.sp-ea-single>.sp-collapse>.ea-body .eap-product-price {color: #444;}#sp-ea-4047.sp-easy-accordion>.sp-ea-single>.sp-collapse>.ea-body .eap-product-price del{color: rgba(68,68,68,0.71);}#sp-ea-4047.sp-easy-accordion>.sp-ea-single>.sp-collapse>.ea-body .eap-product-cart-button .woocommerce a { border: 1px solid #DAD6DA;border-radius: 2px;background-color: transparent;color: #444;}#sp-ea-4047.sp-easy-accordion>.sp-ea-single>.sp-collapse>.ea-body .eap-product-cart-button .woocommerce a:hover { border-color: #444;background-color: #444;color: #fff;}#sp-ea-4047.sp-easy-accordion>.sp-ea-single>>.sp-collapse>.ea-body .eap-product-cart-button .eap-product-quantity .eap_input_text {border: 1px solid #DAD6DA;}#sp-ea-4047.sp-easy-accordion>.sp-ea-single>.sp-collapse>.ea-body .eap-product-cart-button a.add_to_cart_button{position: relative;}<\/style><div id=\"sp-eap-accordion-section-4047\" class=\"sp-eap-container\"><div id=\"sp-ea-4047\" class=\"sp-ea-one sp-easy-accordion \" data-ex-icon=\"fa-caret-right\" data-col-icon=\"fa-caret-down\" data-ea-active=\"ea-click\" data-ea-mode=\"vertical\" data-ea-multi-column=\"\" data-ea-coll=\"\" data-keep-accordion=\"\" data-autoclose=\"\" data-preloader=\"\" data-scroll-active-item=\"\" data-offset-to-scroll=\"0\" data-autoplaytime=\"3000\" data-expand=\"\" data-post-id=\"4047\" data-accordion_mode=\"ea-all-close\">\t<div class=\"ea-card  sp-ea-single\"  data-accordion-id= \"0\">\n\n\t\t<h3 class=\"ea-header\">\n\t\t\t<a class=\"collapsed\" data-sptoggle=\"spcollapse\" rel=\"nofollow\" data-sptarget=\"#collapse40470\" href=\"#\" data-title=\"efaq-resume\" aria-expanded=\"false\">\n\t\t\t\t<i class=\"ea-expand-icon fa fa-caret-down\"><\/i>  R\u00e9sum\u00e9\t\t\t<\/a>\n\t\t<\/h3>\n\n\t\t<div class=\"sp-collapse spcollapse spcollapse\" id=\"collapse40470\" data-parent=\"#sp-ea-4047\">\n\t\t<div class=\"ea-body\"> \n<div class=\"ea-content-wrapper animated normal\"> \n\t<h3>Protection contre l\u2019incendie (partie 3 du CNB et partie 5 du CNPI)<\/h3>\n<ul>\n<li>Pr\u00e9cision apport\u00e9e \u00e0 la terminologie relative \u00e0 l\u2019alimentation en eau de secours<\/li>\n<li>Suppression de la norme CAN\/CGSB-11.3-M87, qui porte sur les panneaux de fibres durs<\/li>\n<li>\u00c9largissement de la port\u00e9e des exigences relatives aux s\u00e9parations coupe-feu endommag\u00e9es pour inclure d\u2019autres mat\u00e9riaux de protection contre l\u2019incendie<\/li>\n<\/ul>\n<h3>Calcul parasismique (partie 4 du CNB)<\/h3>\n<ul>\n<li>Ajout d\u2019options permettant aux concepteurs d\u2019avoir recours \u00e0 l\u2019interpolation lin\u00e9aire ou bilogarithmique pour d\u00e9terminer les risques sismiques de p\u00e9riode moyenne<\/li>\n<li>\u00c9limination de la redondance dans les exigences traitant des coefficients d\u2019emplacement et du remplacement de Fa et de Fv par F(T)<\/li>\n<li>Sp\u00e9cification d\u2019une cat\u00e9gorie de panneaux de rev\u00eatement ext\u00e9rieur au tableau 4.1.8.18.<\/li>\n<li>Ajout d\u2019une exception au tableau 4.1.8.9. pour les structures dot\u00e9es d\u2019un dispositif d\u2019amortissement compl\u00e9mentaire ou d\u2019un isolant sismique<\/li>\n<\/ul>\n<h3>S\u00e9paration des milieux diff\u00e9rents (partie 5 du CNB)<\/h3>\n<ul>\n<li>Ajout des normes CAN\/CSA-A123.16-04, \u00ab\u00a0Membranes d\u2019\u00e9tanch\u00e9it\u00e9 bitum\u00e9es et \u00e0 base de fibres de verre\u00a0\u00bb, et ASTM C 1280-13a, \u00ab\u00a0<span lang=\"en\" xml:lang=\"en\">Application of Exterior Gypsum Panel Products for Use as Sheathing<\/span>\u00a0\u00bb<\/li>\n<\/ul>\n<h3>B\u00e2timents agricoles (division A du CNB)<\/h3>\n<ul>\n<li>Ajout de dispositions d\u2019application permettant le d\u00e9placement des exigences relatives aux b\u00e2timents agricoles dans le CNB<\/li>\n<li>Ajout d\u2019un nouvel usage principal, soit les \u00e9tablissements agricoles, groupe G<\/li>\n<\/ul>\n<h3>Installations CVCA et de plomberie (partie 6 du CNB et CNP)<\/h3>\n<ul>\n<li>\u00c9claircissement de l\u2019application des exigences parasismiques du CNB aux installations de plomberie dont traite le CNP<\/li>\n<li>Ajout des tubes en PE-RT comme solution acceptable dans le CNP<\/li>\n<\/ul>\n<h3>Maisons et petits b\u00e2timents (partie 9 du CNB)<\/h3>\n<ul>\n<li>Harmonisation des exigences de la partie 3 et de la partie 9 relatives aux s\u00e9parations coupe-feu isolant un corridor commun d\u2019un espace renfermant des appareils sanitaires dans une aire prot\u00e9g\u00e9e par gicleurs<\/li>\n<li>Permission d\u2019interconnecter en mode sans fil ou de relier \u00e9lectriquement par du c\u00e2blage des avertisseurs de fum\u00e9e entre un logement principal et un logement accessoire<\/li>\n<\/ul>\n<h3>Usage et moyens d\u2019\u00e9vacuation (partie 3 du CNB et parties 2 et 6 du CNPI)<\/h3>\n<ul>\n<li>\u00c9largissement de l\u2019application des signaux d\u2019alarme visibles dans des endroits autres que des chambres<\/li>\n<li>Permission d\u2019interconnecter des d\u00e9tecteurs de fum\u00e9e, des d\u00e9tecteurs de chaleur, des avertisseurs de monoxyde de carbone, d\u2019autres dispositifs assurant la s\u00e9curit\u00e9 des personnes ainsi que des dispositifs de surveillance \u00e0 distance<\/li>\n<\/ul>\n<h3>Construction en bois d\u2019\u0153uvre massif encapsul\u00e9 (partie 3 du CNB et partie 5 du CNPI)<\/h3>\n<ul>\n<li>Ajout et d\u00e9finition de la construction en bois d\u2019\u0153uvre massif encapsul\u00e9 (CBOME) comme \u00e9tant le troisi\u00e8me type de construction permis pour les b\u00e2timents d\u2019au plus 12 \u00e9tages de hauteur de b\u00e2timent<\/li>\n<\/ul>\n<h3>Mati\u00e8res et activit\u00e9s dangereuses (CNPI)<\/h3>\n<ul>\n<li>\u00c9claircissement de l\u2019application de la partie 4 \u00e0 tous les chantiers de construction isol\u00e9s<\/li>\n<li>Ajout d\u2019une sp\u00e9cification interdisant l\u2019utilisation de fondoirs de bitume \u00e0 l\u2019int\u00e9rieur des b\u00e2timents<\/li>\n<\/ul>\n<h3>Amiante (CNB et CNP)<\/h3>\n<ul>\n<li>Suppression des renvois \u00e0 l\u2019amiante comme solution acceptable dans la partie 3 et la partie 9 du CNB et dans le CNP<\/li>\n<\/ul>\n<\/div>\n<\/div>\n\t\t\t<\/div>\n\t<\/div>\n\t<\/div><script type=\"application\/ld+json\">{ \"@context\": \"https:\/\/schema.org\", \"@type\": \"FAQPage\", \"@id\": \"eap-accordion-schema-4047\", \"name\": \"Easy Accordion FAQs\", \"mainEntity\": [{ \"@type\": \"Question\", \"name\": \"R\u00e9sum\u00e9\", \"acceptedAnswer\": { \"@type\": \"Answer\", \"text\": \"<h3>Protection contre l\u2019incendie (partie 3 du CNB et partie 5 du CNPI)<\/h3><ul><li>Pr\u00e9cision apport\u00e9e \u00e0 la terminologie relative \u00e0 l\u2019alimentation en eau de secours<\/li><li>Suppression de la norme CAN\/CGSB-11.3-M87, qui porte sur les panneaux de fibres durs<\/li><li>\u00c9largissement de la port\u00e9e des exigences relatives aux s\u00e9parations coupe-feu endommag\u00e9es pour inclure d\u2019autres mat\u00e9riaux de protection contre l\u2019incendie<\/li><\/ul><h3>Calcul parasismique (partie 4 du CNB)<\/h3><ul><li>Ajout d\u2019options permettant aux concepteurs d\u2019avoir recours \u00e0 l\u2019interpolation lin\u00e9aire ou bilogarithmique pour d\u00e9terminer les risques sismiques de p\u00e9riode moyenne<\/li><li>\u00c9limination de la redondance dans les exigences traitant des coefficients d\u2019emplacement et du remplacement de Fa et de Fv par F(T)<\/li><li>Sp\u00e9cification d\u2019une cat\u00e9gorie de panneaux de rev\u00eatement ext\u00e9rieur au tableau 4.1.8.18.<\/li><li>Ajout d\u2019une exception au tableau 4.1.8.9. pour les structures dot\u00e9es d\u2019un dispositif d\u2019amortissement compl\u00e9mentaire ou d\u2019un isolant sismique<\/li><\/ul><h3>S\u00e9paration des milieux diff\u00e9rents (partie 5 du CNB)<\/h3><ul><li>Ajout des normes CAN\/CSA-A123.16-04, \u00ab\u00a0Membranes d\u2019\u00e9tanch\u00e9it\u00e9 bitum\u00e9es et \u00e0 base de fibres de verre\u00a0\u00bb, et ASTM C 1280-13a, \u00ab\u00a0Application of Exterior Gypsum Panel Products for Use as Sheathing\u00a0\u00bb<\/li><\/ul><h3>B\u00e2timents agricoles (division A du CNB)<\/h3><ul><li>Ajout de dispositions d\u2019application permettant le d\u00e9placement des exigences relatives aux b\u00e2timents agricoles dans le CNB<\/li><li>Ajout d\u2019un nouvel usage principal, soit les \u00e9tablissements agricoles, groupe G<\/li><\/ul><h3>Installations CVCA et de plomberie (partie 6 du CNB et CNP)<\/h3><ul><li>\u00c9claircissement de l\u2019application des exigences parasismiques du CNB aux installations de plomberie dont traite le CNP<\/li><li>Ajout des tubes en PE-RT comme solution acceptable dans le CNP<\/li><\/ul><h3>Maisons et petits b\u00e2timents (partie 9 du CNB)<\/h3><ul><li>Harmonisation des exigences de la partie 3 et de la partie 9 relatives aux s\u00e9parations coupe-feu isolant un corridor commun d\u2019un espace renfermant des appareils sanitaires dans une aire prot\u00e9g\u00e9e par gicleurs<\/li><li>Permission d\u2019interconnecter en mode sans fil ou de relier \u00e9lectriquement par du c\u00e2blage des avertisseurs de fum\u00e9e entre un logement principal et un logement accessoire<\/li><\/ul><h3>Usage et moyens d\u2019\u00e9vacuation (partie 3 du CNB et parties 2 et 6 du CNPI)<\/h3><ul><li>\u00c9largissement de l\u2019application des signaux d\u2019alarme visibles dans des endroits autres que des chambres<\/li><li>Permission d\u2019interconnecter des d\u00e9tecteurs de fum\u00e9e, des d\u00e9tecteurs de chaleur, des avertisseurs de monoxyde de carbone, d\u2019autres dispositifs assurant la s\u00e9curit\u00e9 des personnes ainsi que des dispositifs de surveillance \u00e0 distance<\/li><\/ul><h3>Construction en bois d\u2019\u0153uvre massif encapsul\u00e9 (partie 3 du CNB et partie 5 du CNPI)<\/h3><ul><li>Ajout et d\u00e9finition de la construction en bois d\u2019\u0153uvre massif encapsul\u00e9 (CBOME) comme \u00e9tant le troisi\u00e8me type de construction permis pour les b\u00e2timents d\u2019au plus 12 \u00e9tages de hauteur de b\u00e2timent<\/li><\/ul><h3>Mati\u00e8res et activit\u00e9s dangereuses (CNPI)<\/h3><ul><li>\u00c9claircissement de l\u2019application de la partie 4 \u00e0 tous les chantiers de construction isol\u00e9s<\/li><li>Ajout d\u2019une sp\u00e9cification interdisant l\u2019utilisation de fondoirs de bitume \u00e0 l\u2019int\u00e9rieur des b\u00e2timents<\/li><\/ul><h3>Amiante (CNB et CNP)<\/h3><ul><li>Suppression des renvois \u00e0 l\u2019amiante comme solution acceptable dans la partie 3 et la partie 9 du CNB et dans le CNP<\/li><\/ul>\" } }] }<\/script><\/div>\n<p>Pour recevoir les modifications propos\u00e9es pour cette consultation publique, veuillez <a href=\"mailto:CCBFCSecretary-SecretaireCCCBPI@nrc-cnrc.gc.ca\">communiquer avec la Secr\u00e9taire de la CCCBPI<\/a>.<\/p>\n","protected":false},"excerpt":{"rendered":"<p>La Commission canadienne des codes du b\u00e2timent et de pr\u00e9vention des incendies (CCCBPI) a invit\u00e9 les utilisateurs des codes et les parties int\u00e9ress\u00e9es \u00e0 participer \u00e0 l&rsquo;examen public de l&rsquo;automne 2017 portant sur les modifications propos\u00e9es aux publications suivantes\u00a0: Code national du b\u00e2timent &#8211; Canada 2015 (CNB) Code national de pr\u00e9vention des incendies &#8211; Canada 2015 (CNPI) Code national de la plomberie &#8211; Canada 2015 (CNP) Aucune modification n&rsquo;est propos\u00e9e au Code national de l&rsquo;\u00e9nergie pour les b\u00e2timents dans le cadre du pr\u00e9sent examen public \u00e9tant donn\u00e9 que la publication d&rsquo;une modification intercycle \u00e9tait pr\u00e9vue \u00e0 la fin de 2017. L&rsquo;examen public 2017 s&rsquo;est d\u00e9roul\u00e9 du 6 novembre 2017 au 2 janvier 2018. Cet examen public a vis\u00e9 \u00e0\u00a0: permettre aux utilisateurs des codes et aux parties int\u00e9ress\u00e9es d&rsquo;examiner en d\u00e9tail les modifications propos\u00e9es; et obtenir des commentaires concernant chaque modification propos\u00e9e afin de d\u00e9terminer si elles doivent \u00eatre approuv\u00e9es, r\u00e9vis\u00e9es ou rejet\u00e9es. L&rsquo;examen public a pris fin \u00e0 16<\/p>\n","protected":false},"author":2,"featured_media":0,"parent":0,"menu_order":0,"comment_status":"closed","ping_status":"closed","template":"","meta":{"rs_blank_template":"","rs_page_bg_color":"","slide_template_v7":"","footnotes":""},"class_list":["post-3860","page","type-page","status-publish","hentry"],"_links":{"self":[{"href":"https:\/\/cbhcc-cchcc.ca\/fr\/wp-json\/wp\/v2\/pages\/3860","targetHints":{"allow":["GET"]}}],"collection":[{"href":"https:\/\/cbhcc-cchcc.ca\/fr\/wp-json\/wp\/v2\/pages"}],"about":[{"href":"https:\/\/cbhcc-cchcc.ca\/fr\/wp-json\/wp\/v2\/types\/page"}],"author":[{"embeddable":true,"href":"https:\/\/cbhcc-cchcc.ca\/fr\/wp-json\/wp\/v2\/users\/2"}],"replies":[{"embeddable":true,"href":"https:\/\/cbhcc-cchcc.ca\/fr\/wp-json\/wp\/v2\/comments?post=3860"}],"version-history":[{"count":3,"href":"https:\/\/cbhcc-cchcc.ca\/fr\/wp-json\/wp\/v2\/pages\/3860\/revisions"}],"predecessor-version":[{"id":4068,"href":"https:\/\/cbhcc-cchcc.ca\/fr\/wp-json\/wp\/v2\/pages\/3860\/revisions\/4068"}],"wp:attachment":[{"href":"https:\/\/cbhcc-cchcc.ca\/fr\/wp-json\/wp\/v2\/media?parent=3860"}],"curies":[{"name":"wp","href":"https:\/\/api.w.org\/{rel}","templated":true}]}}