{"id":2419,"date":"2023-06-30T10:49:19","date_gmt":"2023-06-30T14:49:19","guid":{"rendered":"https:\/\/cbhcc-cchcc.ca\/?page_id=2419"},"modified":"2023-10-03T14:56:24","modified_gmt":"2023-10-03T18:56:24","slug":"soumettre-une-retroaction","status":"publish","type":"page","link":"https:\/\/cbhcc-cchcc.ca\/fr\/soumettre-une-retroaction\/","title":{"rendered":"Soumettre une r\u00e9troaction"},"content":{"rendered":"<p>Le CCHCC souhaite recevoir vos questions et commentaires. Nous nous effor\u00e7ons de fournir aux membres du public et \u00e0 nos partenaires les renseignements les plus \u00e0 jour et utiles. Pour soumettre des commentaires ou des questions, veuillez remplir le formulaire ci-dessous.<\/p>\n<h3>Questions et commentaires<\/h3>\n\n<style id=\"wpforms-css-vars-2939\">\n\t\t\t\t#wpforms-2939 {\n\t\t\t\t\n\t\t\t}\n\t\t\t<\/style><div class=\"wpforms-container wpforms-container-full wpforms-container-save-resume wpforms-render-modern\" id=\"wpforms-2939\"><form id=\"wpforms-form-2939\" class=\"wpforms-validate wpforms-form wpforms-ajax-form\" data-formid=\"2939\" method=\"post\" enctype=\"multipart\/form-data\" action=\"\/fr\/wp-json\/wp\/v2\/pages\/2419\" data-token=\"a45b2d230715153aeaa9787ad2f09f08\" data-token-time=\"1775256367\"><noscript class=\"wpforms-error-noscript\">Veuillez activer JavaScript dans votre navigateur pour remplir ce formulaire.<\/noscript><div id=\"wpforms-error-noscript\" style=\"display: none;\">Veuillez activer JavaScript dans votre navigateur pour remplir ce formulaire.<\/div><div class=\"wpforms-field-container\"><div id=\"wpforms-2939-field_1-container\" class=\"wpforms-field wpforms-field-textarea\" data-field-id=\"1\"><label class=\"wpforms-field-label\" for=\"wpforms-2939-field_1\">Veuillez pr\u00e9ciser vos commentaires ou questions. <span class=\"wpforms-required-label\">(obligatoire)<\/span><\/label><textarea id=\"wpforms-2939-field_1\" class=\"wpforms-field-medium wpforms-field-required wpforms-limit-characters-enabled\" data-form-id=\"2939\" data-field-id=\"1\" data-text-limit=\"1000\" name=\"wpforms[fields][1]\" aria-errormessage=\"wpforms-2939-field_1-error\" maxlength=\"1000\" required><\/textarea><\/div><div id=\"wpforms-2939-field_2-container\" class=\"wpforms-field wpforms-field-select wpforms-conditional-trigger wpforms-field-select-style-modern\" data-field-id=\"2\"><label class=\"wpforms-field-label\" for=\"wpforms-2939-field_2\">Souhaitez-vous qu\u2019on communique avec vous pour un suivi? <span class=\"wpforms-required-label\">(obligatoire)<\/span><\/label><select id=\"wpforms-2939-field_2\" class=\"wpforms-field-medium wpforms-field-required choicesjs-select\" data-size-class=\"wpforms-field-row wpforms-field-medium\" data-search-enabled=\"\" name=\"wpforms[fields][2]\" required=\"required\"><option value=\"\" class=\"placeholder\" disabled >- S\u00e9lectionner une r\u00e9ponse -<\/option><option value=\"Oui, veuillez communiquer avec moi pour faire un suivi de cette  r\u00e9troaction\"  class=\"choice-1 depth-1\"  >Oui, veuillez communiquer avec moi pour faire un suivi de cette  r\u00e9troaction<\/option><option value=\"Non, je ne d\u00e9sire pas qu&#039;on communique avec moi\"  selected='selected' class=\"choice-2 depth-1\"  >Non, je ne d\u00e9sire pas qu'on communique avec moi<\/option><\/select><\/div><div id=\"wpforms-2939-field_10-container\" class=\"wpforms-field wpforms-field-text wpforms-conditional-field wpforms-conditional-show\" data-field-id=\"10\" style=\"display:none;\"><label class=\"wpforms-field-label\" for=\"wpforms-2939-field_10\">Courriel <span class=\"wpforms-required-label\">(obligatoire)<\/span><\/label><input type=\"text\" id=\"wpforms-2939-field_10\" class=\"wpforms-field-medium wpforms-field-required\" name=\"wpforms[fields][10]\" aria-errormessage=\"wpforms-2939-field_10-error\" required><\/div><div id=\"wpforms-2939-field_3-container\" class=\"wpforms-field wpforms-field-divider\" data-field-id=\"3\"><h3 id=\"wpforms-2939-field_3\" aria-errormessage=\"wpforms-2939-field_3-error\">Renseignements personnels<\/h3><\/div><div id=\"wpforms-2939-field_4-container\" class=\"wpforms-field wpforms-field-text\" data-field-id=\"4\"><label class=\"wpforms-field-label\" for=\"wpforms-2939-field_4\">Pr\u00e9nom :<\/label><input type=\"text\" id=\"wpforms-2939-field_4\" class=\"wpforms-field-medium\" name=\"wpforms[fields][4]\" aria-errormessage=\"wpforms-2939-field_4-error\" ><\/div><div id=\"wpforms-2939-field_5-container\" class=\"wpforms-field wpforms-field-text\" data-field-id=\"5\"><label class=\"wpforms-field-label\" for=\"wpforms-2939-field_5\">Nom :<\/label><input type=\"text\" id=\"wpforms-2939-field_5\" class=\"wpforms-field-medium\" name=\"wpforms[fields][5]\" aria-errormessage=\"wpforms-2939-field_5-error\" ><\/div><div id=\"wpforms-2939-field_12-container\" class=\"wpforms-field wpforms-field-text\" data-field-id=\"12\"><label class=\"wpforms-field-label\" for=\"wpforms-2939-field_12\">T\u00e9l\u00e9phone :<\/label><input type=\"text\" id=\"wpforms-2939-field_12\" class=\"wpforms-field-medium wpforms-masked-input\" data-rule-inputmask-incomplete=\"1\" data-inputmask-mask=\"+1 (999)-999-9999\" name=\"wpforms[fields][12]\" aria-errormessage=\"wpforms-2939-field_12-error\" ><\/div><div id=\"wpforms-2939-field_9-container\" class=\"wpforms-field wpforms-field-html\" data-field-id=\"9\"><div id=\"wpforms-2939-field_9\" aria-errormessage=\"wpforms-2939-field_9-error\"><p>Vous pouvez aussi nous faire parvenir un courriel directement \u00e0 <a href=\"mailto:CBHCCSecretary-SecretaireCCHCC@nrc-cnrc.gc.ca\" style=\"text-decoration: underline;\">CBHCCSecretary-SecretaireCCHCC@nrc-cnrc.gc.ca<\/a>.<\/p><br \/>\r\n<p>Tous les renseignements personnels cr\u00e9\u00e9s, recueillis ou conserv\u00e9s sont prot\u00e9g\u00e9s en vertu de la <a href=\"https:\/\/laws-lois.justice.gc.ca\/fra\/lois\/P-21\/index.html\" target=\"_blank\" style=\"text-decoration: underline;\">Loi sur la protection des renseignements personnels<\/a>. Cela signifie qu'on vous informera des fins auxquelles ces renseignements sont recueillis et de la fa\u00e7on dont vous pouvez exercer votre droit d'acc\u00e8s \u00e0 ces renseignements. Le cas \u00e9ch\u00e9ant, on vous demandera d'exprimer votre consentement par rapport \u00e0 ces renseignements.<\/p><\/div><\/div><\/div><!-- .wpforms-field-container --><div class=\"wpforms-submit-container\" ><input type=\"hidden\" name=\"wpforms[id]\" value=\"2939\"><input type=\"hidden\" name=\"page_title\" value=\"\"><input type=\"hidden\" name=\"page_url\" value=\"https:\/\/cbhcc-cchcc.ca\/fr\/wp-json\/wp\/v2\/pages\/2419\"><input type=\"hidden\" name=\"url_referer\" value=\"\"><button type=\"submit\" name=\"wpforms[submit]\" id=\"wpforms-submit-2939\" class=\"wpforms-submit\" data-alt-text=\"Envoi en cours...\" data-submit-text=\"Soumettre\" aria-live=\"assertive\" value=\"wpforms-submit\">Soumettre<\/button><img decoding=\"async\" src=\"https:\/\/cbhcc-cchcc.ca\/wp-content\/plugins\/wpforms\/assets\/images\/submit-spin.svg\" class=\"wpforms-submit-spinner\" style=\"display: none;\" width=\"26\" height=\"26\" alt=\"Chargement en cours\"><\/div><\/form><\/div>  <!-- .wpforms-container -->\n","protected":false},"excerpt":{"rendered":"<p>Le CCHCC souhaite recevoir vos questions et commentaires. Nous nous effor\u00e7ons de fournir aux membres du public et \u00e0 nos partenaires les renseignements les plus \u00e0 jour et utiles. Pour soumettre des commentaires ou des questions, veuillez remplir le formulaire ci-dessous. Questions et commentaires<\/p>\n","protected":false},"author":2,"featured_media":0,"parent":0,"menu_order":0,"comment_status":"closed","ping_status":"closed","template":"","meta":{"rs_blank_template":"","rs_page_bg_color":"","slide_template_v7":"","footnotes":""},"class_list":["post-2419","page","type-page","status-publish","hentry"],"_links":{"self":[{"href":"https:\/\/cbhcc-cchcc.ca\/fr\/wp-json\/wp\/v2\/pages\/2419","targetHints":{"allow":["GET"]}}],"collection":[{"href":"https:\/\/cbhcc-cchcc.ca\/fr\/wp-json\/wp\/v2\/pages"}],"about":[{"href":"https:\/\/cbhcc-cchcc.ca\/fr\/wp-json\/wp\/v2\/types\/page"}],"author":[{"embeddable":true,"href":"https:\/\/cbhcc-cchcc.ca\/fr\/wp-json\/wp\/v2\/users\/2"}],"replies":[{"embeddable":true,"href":"https:\/\/cbhcc-cchcc.ca\/fr\/wp-json\/wp\/v2\/comments?post=2419"}],"version-history":[{"count":4,"href":"https:\/\/cbhcc-cchcc.ca\/fr\/wp-json\/wp\/v2\/pages\/2419\/revisions"}],"predecessor-version":[{"id":2944,"href":"https:\/\/cbhcc-cchcc.ca\/fr\/wp-json\/wp\/v2\/pages\/2419\/revisions\/2944"}],"wp:attachment":[{"href":"https:\/\/cbhcc-cchcc.ca\/fr\/wp-json\/wp\/v2\/media?parent=2419"}],"curies":[{"name":"wp","href":"https:\/\/api.w.org\/{rel}","templated":true}]}}