{"id":2399,"date":"2023-06-30T09:28:26","date_gmt":"2023-06-30T13:28:26","guid":{"rendered":"https:\/\/cbhcc-cchcc.ca\/?page_id=2399"},"modified":"2023-10-03T14:55:36","modified_gmt":"2023-10-03T18:55:36","slug":"collection-des-codes-modeles-nationaux","status":"publish","type":"page","link":"https:\/\/cbhcc-cchcc.ca\/fr\/collection-des-codes-modeles-nationaux\/","title":{"rendered":"Collection des codes mod\u00e8les nationaux"},"content":{"rendered":"<p>Des versions \u00e9lectroniques de toutes les \u00e9ditions des codes mod\u00e8les nationaux sont offertes gratuitement et peuvent \u00eatre consult\u00e9es par l&rsquo;entremise des <a href=\"https:\/\/nrc-publications.canada.ca\/fra\/rechercher\/?q=CNRCCode&amp;s=dtp&amp;ps=50&amp;m=1\">Archives des publications du Conseil national de recherches du Canada (CNRC)<\/a>. Les publications en format imprim\u00e9 sont \u00e9galement en vente \u00e0 partir du <a href=\"https:\/\/nrc.canada.ca\/fr\/recherche-developpement\/produits-services\/magasin-cnrc\">Magasin virtuel du CNRC<\/a>.<\/p>\n","protected":false},"excerpt":{"rendered":"<p>Des versions \u00e9lectroniques de toutes les \u00e9ditions des codes mod\u00e8les nationaux sont offertes gratuitement et peuvent \u00eatre consult\u00e9es par l&rsquo;entremise des Archives des publications du Conseil national de recherches du Canada (CNRC). Les publications en format imprim\u00e9 sont \u00e9galement en vente \u00e0 partir du Magasin virtuel du CNRC.<\/p>\n","protected":false},"author":2,"featured_media":0,"parent":0,"menu_order":0,"comment_status":"closed","ping_status":"closed","template":"","meta":{"rs_blank_template":"","rs_page_bg_color":"","slide_template_v7":"","footnotes":""},"class_list":["post-2399","page","type-page","status-publish","hentry"],"_links":{"self":[{"href":"https:\/\/cbhcc-cchcc.ca\/fr\/wp-json\/wp\/v2\/pages\/2399","targetHints":{"allow":["GET"]}}],"collection":[{"href":"https:\/\/cbhcc-cchcc.ca\/fr\/wp-json\/wp\/v2\/pages"}],"about":[{"href":"https:\/\/cbhcc-cchcc.ca\/fr\/wp-json\/wp\/v2\/types\/page"}],"author":[{"embeddable":true,"href":"https:\/\/cbhcc-cchcc.ca\/fr\/wp-json\/wp\/v2\/users\/2"}],"replies":[{"embeddable":true,"href":"https:\/\/cbhcc-cchcc.ca\/fr\/wp-json\/wp\/v2\/comments?post=2399"}],"version-history":[{"count":2,"href":"https:\/\/cbhcc-cchcc.ca\/fr\/wp-json\/wp\/v2\/pages\/2399\/revisions"}],"predecessor-version":[{"id":2915,"href":"https:\/\/cbhcc-cchcc.ca\/fr\/wp-json\/wp\/v2\/pages\/2399\/revisions\/2915"}],"wp:attachment":[{"href":"https:\/\/cbhcc-cchcc.ca\/fr\/wp-json\/wp\/v2\/media?parent=2399"}],"curies":[{"name":"wp","href":"https:\/\/api.w.org\/{rel}","templated":true}]}}