{"id":1768,"date":"2023-05-31T13:12:12","date_gmt":"2023-05-31T17:12:12","guid":{"rendered":"https:\/\/cbhcc-cchcc.ca\/?page_id=1768"},"modified":"2023-05-31T13:13:19","modified_gmt":"2023-05-31T17:13:19","slug":"devenir-membre-de-la-cchcc","status":"publish","type":"page","link":"https:\/\/cbhcc-cchcc.ca\/fr\/devenir-membre-de-la-cchcc\/","title":{"rendered":"Devenir membre de la CCHCC"},"content":{"rendered":"<p><strong>Lorem Ipsum<\/strong> est un g\u00e9n\u00e9rateur de faux textes al\u00e9atoires. Vous choisissez le nombre de paragraphes, de mots ou de listes. Vous obtenez alors un texte al\u00e9atoire que vous pourrez ensuite utiliser librement dans vos maquettes.<\/p>\n<p>Le texte g\u00e9n\u00e9r\u00e9 est du pseudo latin et peut donner l&rsquo;impression d&rsquo;\u00eatre du vrai texte.<\/p>\n\n","protected":false},"excerpt":{"rendered":"<p>Lorem Ipsum est un g\u00e9n\u00e9rateur de faux textes al\u00e9atoires. Vous choisissez le nombre de paragraphes, de mots ou de listes. Vous obtenez alors un texte al\u00e9atoire que vous pourrez ensuite utiliser librement dans vos maquettes. Le texte g\u00e9n\u00e9r\u00e9 est du pseudo latin et peut donner l&rsquo;impression d&rsquo;\u00eatre du vrai texte.<\/p>\n","protected":false},"author":2,"featured_media":0,"parent":0,"menu_order":0,"comment_status":"closed","ping_status":"closed","template":"","meta":{"rs_blank_template":"","rs_page_bg_color":"","slide_template_v7":"","footnotes":""},"class_list":["post-1768","page","type-page","status-publish","hentry"],"_links":{"self":[{"href":"https:\/\/cbhcc-cchcc.ca\/fr\/wp-json\/wp\/v2\/pages\/1768","targetHints":{"allow":["GET"]}}],"collection":[{"href":"https:\/\/cbhcc-cchcc.ca\/fr\/wp-json\/wp\/v2\/pages"}],"about":[{"href":"https:\/\/cbhcc-cchcc.ca\/fr\/wp-json\/wp\/v2\/types\/page"}],"author":[{"embeddable":true,"href":"https:\/\/cbhcc-cchcc.ca\/fr\/wp-json\/wp\/v2\/users\/2"}],"replies":[{"embeddable":true,"href":"https:\/\/cbhcc-cchcc.ca\/fr\/wp-json\/wp\/v2\/comments?post=1768"}],"version-history":[{"count":1,"href":"https:\/\/cbhcc-cchcc.ca\/fr\/wp-json\/wp\/v2\/pages\/1768\/revisions"}],"predecessor-version":[{"id":1769,"href":"https:\/\/cbhcc-cchcc.ca\/fr\/wp-json\/wp\/v2\/pages\/1768\/revisions\/1769"}],"wp:attachment":[{"href":"https:\/\/cbhcc-cchcc.ca\/fr\/wp-json\/wp\/v2\/media?parent=1768"}],"curies":[{"name":"wp","href":"https:\/\/api.w.org\/{rel}","templated":true}]}}