{"id":1026,"date":"2023-05-09T15:38:21","date_gmt":"2023-05-09T19:38:21","guid":{"rendered":"https:\/\/cbhcc-cchcc.ca\/?page_id=1026"},"modified":"2026-04-06T10:26:27","modified_gmt":"2026-04-06T14:26:27","slug":"infolettre","status":"publish","type":"page","link":"https:\/\/cbhcc-cchcc.ca\/fr\/infolettre\/","title":{"rendered":"Infolettre du CCHCC"},"content":{"rendered":"<h3>Suivez l\u2019actualit\u00e9 du CCHCC<\/h3>\r\n<p>Abonnez-vous \u00e0 l\u2019Infolettre du CCHCC pour recevoir des nouvelles et des mises \u00e0 jour sur les codes mod\u00e8les nationaux du Canada. D\u00e9couvrez les initiatives qui fa\u00e7onnent les codes de construction du Canada et le syst\u00e8me d\u2019\u00e9laboration des codes harmonis\u00e9s.<\/p>\r\n<\/p><div class=\"tnp tnp-subscription \">\n<form method=\"post\" action=\"https:\/\/cbhcc-cchcc.ca\/wp-admin\/admin-ajax.php?action=tnp&amp;na=s\">\n<input type=\"hidden\" name=\"nlang\" value=\"fr\">\n<div class=\"tnp-field tnp-field-email\"><label for=\"tnp-1\">Courriel<\/label>\n<input class=\"tnp-email\" type=\"email\" name=\"ne\" id=\"tnp-1\" value=\"\" placeholder=\"\" required><\/div>\n<div class=\"tnp-field tnp-privacy-field\"><label><input type=\"checkbox\" name=\"ny\" required class=\"tnp-privacy\"> <a target=\"_blank\" href=\"https:\/\/cbhcc-cchcc.ca\/fr\/politique-de-confidentialite\/\">J&#039;accepte la politique de confidentialit\u00e9<\/a><\/label><\/div><div class=\"tnp-field tnp-field-button\" style=\"text-align: left\"><input class=\"tnp-submit\" type=\"submit\" value=\"S&#039;abonner\" style=\"\">\n<\/div>\n<\/form>\n<\/div>\n<\/p>\n","protected":false},"excerpt":{"rendered":"","protected":false},"author":2,"featured_media":0,"parent":0,"menu_order":0,"comment_status":"closed","ping_status":"closed","template":"custom-sidebar.php","meta":{"rs_blank_template":"","rs_page_bg_color":"","slide_template_v7":"","footnotes":""},"class_list":["post-1026","page","type-page","status-publish","hentry"],"_links":{"self":[{"href":"https:\/\/cbhcc-cchcc.ca\/fr\/wp-json\/wp\/v2\/pages\/1026","targetHints":{"allow":["GET"]}}],"collection":[{"href":"https:\/\/cbhcc-cchcc.ca\/fr\/wp-json\/wp\/v2\/pages"}],"about":[{"href":"https:\/\/cbhcc-cchcc.ca\/fr\/wp-json\/wp\/v2\/types\/page"}],"author":[{"embeddable":true,"href":"https:\/\/cbhcc-cchcc.ca\/fr\/wp-json\/wp\/v2\/users\/2"}],"replies":[{"embeddable":true,"href":"https:\/\/cbhcc-cchcc.ca\/fr\/wp-json\/wp\/v2\/comments?post=1026"}],"version-history":[{"count":5,"href":"https:\/\/cbhcc-cchcc.ca\/fr\/wp-json\/wp\/v2\/pages\/1026\/revisions"}],"predecessor-version":[{"id":7481,"href":"https:\/\/cbhcc-cchcc.ca\/fr\/wp-json\/wp\/v2\/pages\/1026\/revisions\/7481"}],"wp:attachment":[{"href":"https:\/\/cbhcc-cchcc.ca\/fr\/wp-json\/wp\/v2\/media?parent=1026"}],"curies":[{"name":"wp","href":"https:\/\/api.w.org\/{rel}","templated":true}]}}