{"id":1024,"date":"2023-05-10T10:04:21","date_gmt":"2023-05-10T14:04:21","guid":{"rendered":"https:\/\/cbhcc-cchcc.ca\/?page_id=1024"},"modified":"2023-07-17T13:18:36","modified_gmt":"2023-07-17T17:18:36","slug":"avis-concernant-les-langues-officielles","status":"publish","type":"page","link":"https:\/\/cbhcc-cchcc.ca\/fr\/avis-concernant-les-langues-officielles\/","title":{"rendered":"Avis concernant les langues officielles"},"content":{"rendered":"<p>Le Comit\u00e9 canadien de l&rsquo;hamornisation des codes de construction observe les dispositions de la Loi sur les langues officielles et les politiques pertinentes du Conseil du Tr\u00e9sor et s\u2019engage \u00e0 faire en sorte que tous les \u00e9l\u00e9ments d\u2019information et les services offerts dans ce site soient disponibles en fran\u00e7ais et en anglais. Il y a lieu de noter, toutefois, que certains documents fournissant des explications relatives aux modifications techniques propos\u00e9es proviennent de sources externes qui ne sont pas assujetties \u00e0 la Loi sur les langues officielles. En pareil cas, les documents sont publi\u00e9s sans modification et dans la langue dans laquelle ils ont \u00e9t\u00e9 soumis.<\/p>\n","protected":false},"excerpt":{"rendered":"<p>Le Comit\u00e9 canadien de l&rsquo;hamornisation des codes de construction observe les dispositions de la Loi sur les langues officielles et les politiques pertinentes du Conseil du Tr\u00e9sor et s\u2019engage \u00e0 faire en sorte que tous les \u00e9l\u00e9ments d\u2019information et les services offerts dans ce site soient disponibles en fran\u00e7ais et en anglais. Il y a lieu de noter, toutefois, que certains documents fournissant des explications relatives aux modifications techniques propos\u00e9es proviennent de sources externes qui ne sont pas assujetties \u00e0 la Loi sur les langues officielles. En pareil cas, les documents sont publi\u00e9s sans modification et dans la langue dans laquelle ils ont \u00e9t\u00e9 soumis.<\/p>\n","protected":false},"author":2,"featured_media":0,"parent":0,"menu_order":0,"comment_status":"closed","ping_status":"closed","template":"","meta":{"rs_blank_template":"","rs_page_bg_color":"","slide_template_v7":"","footnotes":""},"class_list":["post-1024","page","type-page","status-publish","hentry"],"_links":{"self":[{"href":"https:\/\/cbhcc-cchcc.ca\/fr\/wp-json\/wp\/v2\/pages\/1024","targetHints":{"allow":["GET"]}}],"collection":[{"href":"https:\/\/cbhcc-cchcc.ca\/fr\/wp-json\/wp\/v2\/pages"}],"about":[{"href":"https:\/\/cbhcc-cchcc.ca\/fr\/wp-json\/wp\/v2\/types\/page"}],"author":[{"embeddable":true,"href":"https:\/\/cbhcc-cchcc.ca\/fr\/wp-json\/wp\/v2\/users\/2"}],"replies":[{"embeddable":true,"href":"https:\/\/cbhcc-cchcc.ca\/fr\/wp-json\/wp\/v2\/comments?post=1024"}],"version-history":[{"count":2,"href":"https:\/\/cbhcc-cchcc.ca\/fr\/wp-json\/wp\/v2\/pages\/1024\/revisions"}],"predecessor-version":[{"id":2598,"href":"https:\/\/cbhcc-cchcc.ca\/fr\/wp-json\/wp\/v2\/pages\/1024\/revisions\/2598"}],"wp:attachment":[{"href":"https:\/\/cbhcc-cchcc.ca\/fr\/wp-json\/wp\/v2\/media?parent=1024"}],"curies":[{"name":"wp","href":"https:\/\/api.w.org\/{rel}","templated":true}]}}